{"id":25803062,"date":"2025-01-07T15:04:55","date_gmt":"2025-01-07T15:04:55","guid":{"rendered":"https:\/\/monaco-f1-posters.com\/produit\/affiche-du-grand-prix-de-monaco-1991\/"},"modified":"2025-09-16T15:04:10","modified_gmt":"2025-09-16T15:04:10","slug":"monaco-grand-prix-1991-poster","status":"publish","type":"product","link":"https:\/\/monaco-f1-posters.com\/en\/product\/monaco-grand-prix-1991-poster\/","title":{"rendered":"Monaco Grand Prix 1991 poster"},"content":{"rendered":"","protected":false},"excerpt":{"rendered":"<p><strong>Author: D. Henriet L\u2019H\u00e9ritier<\/strong><\/p>\n<p class=\"p1\"><b>For those born in 1991\u2026 a poster that speaks volumes.<\/b><b><\/b><\/p>\n<p class=\"p3\">Some gifts make you smile, others leave a lasting impression. This official 1991 Monaco Grand Prix poster is one of the latter. With its vibrant graphics and boldly contemporary style, it captures both the elegance of the Principality and the intensity of the legendary race held along the Mediterranean coastline.<\/p>\n<p class=\"p3\">The red and white Formula 1 car appears to leap out of a stylised track, while Monaco\u2019s port and mountains are sketched in the background with perfect graphic balance. The result exudes colourful energy and a distinctly 90s charm \u2014 ideal for celebrating a truly memorable birth year.<\/p>\n<p class=\"p3\">Whether for a birthday or another special occasion, this unique poster makes a thoughtful, symbolic and eye-catching gift.<\/p>\n<p class=\"p3\"><strong>A stylish and meaningful way to celebrate \u2014 with just the right touch of nostalgia.<\/strong><\/p>\n","protected":false},"featured_media":25803626,"template":"","meta":{"_acf_changed":false,"_et_pb_use_builder":"","_et_pb_old_content":"","_et_gb_content_width":""},"product_brand":[],"product_cat":[32],"product_tag":[],"class_list":{"0":"post-25803062","1":"product","2":"type-product","3":"status-publish","4":"has-post-thumbnail","6":"product_cat-original-posters","8":"first","9":"instock","10":"taxable","11":"shipping-taxable","12":"purchasable","13":"product-type-simple"},"acf":[],"yoast_head":"<!-- This site is optimized with the Yoast SEO plugin v27.5 - https:\/\/yoast.com\/product\/yoast-seo-wordpress\/ -->\n<title>Monaco Grand Prix 1991 poster - Monaco F1 Posters<\/title>\n<meta name=\"description\" content=\"L&#039;affiche originale et officielle, color\u00e9e et moderne, du Grand Prix de Monaco 1991, capture la beaut\u00e9 de la Principaut\u00e9 et l\u2019excitation de la course.\" \/>\n<meta name=\"robots\" content=\"index, follow, max-snippet:-1, max-image-preview:large, max-video-preview:-1\" \/>\n<link rel=\"canonical\" href=\"https:\/\/monaco-f1-posters.com\/en\/product\/monaco-grand-prix-1991-poster\/\" \/>\n<meta property=\"og:locale\" content=\"en_US\" \/>\n<meta property=\"og:type\" content=\"article\" \/>\n<meta property=\"og:title\" content=\"Monaco Grand Prix 1991 poster - Monaco F1 Posters\" \/>\n<meta property=\"og:description\" content=\"L&#039;affiche originale et officielle, color\u00e9e et moderne, du Grand Prix de Monaco 1991, capture la beaut\u00e9 de la Principaut\u00e9 et l\u2019excitation de la course.\" \/>\n<meta property=\"og:url\" content=\"https:\/\/monaco-f1-posters.com\/en\/product\/monaco-grand-prix-1991-poster\/\" \/>\n<meta property=\"og:site_name\" content=\"Monaco F1 Posters\" \/>\n<meta property=\"article:publisher\" content=\"https:\/\/www.facebook.com\/monacof1posters\" \/>\n<meta property=\"article:modified_time\" content=\"2025-09-16T15:04:10+00:00\" \/>\n<meta property=\"og:image\" content=\"https:\/\/monaco-f1-posters.com\/wp-content\/uploads\/2025\/01\/Monaco-F1-Grand-Prix-Poster-1991-A.jpeg\" \/>\n\t<meta property=\"og:image:width\" content=\"675\" \/>\n\t<meta property=\"og:image:height\" content=\"1200\" \/>\n\t<meta property=\"og:image:type\" content=\"image\/jpeg\" \/>\n<meta name=\"twitter:card\" content=\"summary_large_image\" \/>\n<meta name=\"twitter:label1\" content=\"Est. reading time\" \/>\n\t<meta name=\"twitter:data1\" content=\"1 minute\" \/>\n<script type=\"application\/ld+json\" class=\"yoast-schema-graph\">{\"@context\":\"https:\\\/\\\/schema.org\",\"@graph\":[{\"@type\":\"WebPage\",\"@id\":\"https:\\\/\\\/monaco-f1-posters.com\\\/en\\\/product\\\/monaco-grand-prix-1991-poster\\\/\",\"url\":\"https:\\\/\\\/monaco-f1-posters.com\\\/en\\\/product\\\/monaco-grand-prix-1991-poster\\\/\",\"name\":\"Monaco Grand Prix 1991 poster - Monaco F1 Posters\",\"isPartOf\":{\"@id\":\"https:\\\/\\\/monaco-f1-posters.com\\\/en\\\/#website\"},\"primaryImageOfPage\":{\"@id\":\"https:\\\/\\\/monaco-f1-posters.com\\\/en\\\/product\\\/monaco-grand-prix-1991-poster\\\/#primaryimage\"},\"image\":{\"@id\":\"https:\\\/\\\/monaco-f1-posters.com\\\/en\\\/product\\\/monaco-grand-prix-1991-poster\\\/#primaryimage\"},\"thumbnailUrl\":\"https:\\\/\\\/monaco-f1-posters.com\\\/wp-content\\\/uploads\\\/2025\\\/01\\\/Monaco-F1-Grand-Prix-Poster-1991-A.jpeg\",\"datePublished\":\"2025-01-07T15:04:55+00:00\",\"dateModified\":\"2025-09-16T15:04:10+00:00\",\"description\":\"L'affiche originale et officielle, color\u00e9e et moderne, du Grand Prix de Monaco 1991, capture la beaut\u00e9 de la Principaut\u00e9 et l\u2019excitation de la course.\",\"breadcrumb\":{\"@id\":\"https:\\\/\\\/monaco-f1-posters.com\\\/en\\\/product\\\/monaco-grand-prix-1991-poster\\\/#breadcrumb\"},\"inLanguage\":\"en-US\",\"potentialAction\":[{\"@type\":\"ReadAction\",\"target\":[\"https:\\\/\\\/monaco-f1-posters.com\\\/en\\\/product\\\/monaco-grand-prix-1991-poster\\\/\"]}]},{\"@type\":\"ImageObject\",\"inLanguage\":\"en-US\",\"@id\":\"https:\\\/\\\/monaco-f1-posters.com\\\/en\\\/product\\\/monaco-grand-prix-1991-poster\\\/#primaryimage\",\"url\":\"https:\\\/\\\/monaco-f1-posters.com\\\/wp-content\\\/uploads\\\/2025\\\/01\\\/Monaco-F1-Grand-Prix-Poster-1991-A.jpeg\",\"contentUrl\":\"https:\\\/\\\/monaco-f1-posters.com\\\/wp-content\\\/uploads\\\/2025\\\/01\\\/Monaco-F1-Grand-Prix-Poster-1991-A.jpeg\",\"width\":675,\"height\":1200,\"caption\":\"Monaco-F1-Grand-Prix-Poster-1991-A\"},{\"@type\":\"BreadcrumbList\",\"@id\":\"https:\\\/\\\/monaco-f1-posters.com\\\/en\\\/product\\\/monaco-grand-prix-1991-poster\\\/#breadcrumb\",\"itemListElement\":[{\"@type\":\"ListItem\",\"position\":1,\"name\":\"Accueil\",\"item\":\"https:\\\/\\\/monaco-f1-posters.com\\\/en\\\/\"},{\"@type\":\"ListItem\",\"position\":2,\"name\":\"Original and officialMonaco Grand Prix Posters\",\"item\":\"https:\\\/\\\/monaco-f1-posters.com\\\/en\\\/shop\\\/\"},{\"@type\":\"ListItem\",\"position\":3,\"name\":\"Monaco Grand Prix 1991 poster\"}]},{\"@type\":\"WebSite\",\"@id\":\"https:\\\/\\\/monaco-f1-posters.com\\\/en\\\/#website\",\"url\":\"https:\\\/\\\/monaco-f1-posters.com\\\/en\\\/\",\"name\":\"Monaco F1 Posters\",\"description\":\"\",\"publisher\":{\"@id\":\"https:\\\/\\\/monaco-f1-posters.com\\\/en\\\/#organization\"},\"potentialAction\":[{\"@type\":\"SearchAction\",\"target\":{\"@type\":\"EntryPoint\",\"urlTemplate\":\"https:\\\/\\\/monaco-f1-posters.com\\\/en\\\/?s={search_term_string}\"},\"query-input\":{\"@type\":\"PropertyValueSpecification\",\"valueRequired\":true,\"valueName\":\"search_term_string\"}}],\"inLanguage\":\"en-US\"},{\"@type\":\"Organization\",\"@id\":\"https:\\\/\\\/monaco-f1-posters.com\\\/en\\\/#organization\",\"name\":\"Monaco F1 Posters\",\"url\":\"https:\\\/\\\/monaco-f1-posters.com\\\/en\\\/\",\"logo\":{\"@type\":\"ImageObject\",\"inLanguage\":\"en-US\",\"@id\":\"https:\\\/\\\/monaco-f1-posters.com\\\/en\\\/#\\\/schema\\\/logo\\\/image\\\/\",\"url\":\"https:\\\/\\\/monaco-f1-posters.com\\\/wp-content\\\/uploads\\\/2025\\\/01\\\/monaco_f1_posters_1.jpg\",\"contentUrl\":\"https:\\\/\\\/monaco-f1-posters.com\\\/wp-content\\\/uploads\\\/2025\\\/01\\\/monaco_f1_posters_1.jpg\",\"width\":800,\"height\":630,\"caption\":\"Monaco F1 Posters\"},\"image\":{\"@id\":\"https:\\\/\\\/monaco-f1-posters.com\\\/en\\\/#\\\/schema\\\/logo\\\/image\\\/\"},\"sameAs\":[\"https:\\\/\\\/www.facebook.com\\\/monacof1posters\",\"https:\\\/\\\/www.instagram.com\\\/monacof1posters\\\/\"]}]}<\/script>\n<!-- \/ Yoast SEO plugin. -->","yoast_head_json":{"title":"Monaco Grand Prix 1991 poster - Monaco F1 Posters","description":"L'affiche originale et officielle, color\u00e9e et moderne, du Grand Prix de Monaco 1991, capture la beaut\u00e9 de la Principaut\u00e9 et l\u2019excitation de la course.","robots":{"index":"index","follow":"follow","max-snippet":"max-snippet:-1","max-image-preview":"max-image-preview:large","max-video-preview":"max-video-preview:-1"},"canonical":"https:\/\/monaco-f1-posters.com\/en\/product\/monaco-grand-prix-1991-poster\/","og_locale":"en_US","og_type":"article","og_title":"Monaco Grand Prix 1991 poster - Monaco F1 Posters","og_description":"L'affiche originale et officielle, color\u00e9e et moderne, du Grand Prix de Monaco 1991, capture la beaut\u00e9 de la Principaut\u00e9 et l\u2019excitation de la course.","og_url":"https:\/\/monaco-f1-posters.com\/en\/product\/monaco-grand-prix-1991-poster\/","og_site_name":"Monaco F1 Posters","article_publisher":"https:\/\/www.facebook.com\/monacof1posters","article_modified_time":"2025-09-16T15:04:10+00:00","og_image":[{"width":675,"height":1200,"url":"https:\/\/monaco-f1-posters.com\/wp-content\/uploads\/2025\/01\/Monaco-F1-Grand-Prix-Poster-1991-A.jpeg","type":"image\/jpeg"}],"twitter_card":"summary_large_image","twitter_misc":{"Est. reading time":"1 minute"},"schema":{"@context":"https:\/\/schema.org","@graph":[{"@type":"WebPage","@id":"https:\/\/monaco-f1-posters.com\/en\/product\/monaco-grand-prix-1991-poster\/","url":"https:\/\/monaco-f1-posters.com\/en\/product\/monaco-grand-prix-1991-poster\/","name":"Monaco Grand Prix 1991 poster - Monaco F1 Posters","isPartOf":{"@id":"https:\/\/monaco-f1-posters.com\/en\/#website"},"primaryImageOfPage":{"@id":"https:\/\/monaco-f1-posters.com\/en\/product\/monaco-grand-prix-1991-poster\/#primaryimage"},"image":{"@id":"https:\/\/monaco-f1-posters.com\/en\/product\/monaco-grand-prix-1991-poster\/#primaryimage"},"thumbnailUrl":"https:\/\/monaco-f1-posters.com\/wp-content\/uploads\/2025\/01\/Monaco-F1-Grand-Prix-Poster-1991-A.jpeg","datePublished":"2025-01-07T15:04:55+00:00","dateModified":"2025-09-16T15:04:10+00:00","description":"L'affiche originale et officielle, color\u00e9e et moderne, du Grand Prix de Monaco 1991, capture la beaut\u00e9 de la Principaut\u00e9 et l\u2019excitation de la course.","breadcrumb":{"@id":"https:\/\/monaco-f1-posters.com\/en\/product\/monaco-grand-prix-1991-poster\/#breadcrumb"},"inLanguage":"en-US","potentialAction":[{"@type":"ReadAction","target":["https:\/\/monaco-f1-posters.com\/en\/product\/monaco-grand-prix-1991-poster\/"]}]},{"@type":"ImageObject","inLanguage":"en-US","@id":"https:\/\/monaco-f1-posters.com\/en\/product\/monaco-grand-prix-1991-poster\/#primaryimage","url":"https:\/\/monaco-f1-posters.com\/wp-content\/uploads\/2025\/01\/Monaco-F1-Grand-Prix-Poster-1991-A.jpeg","contentUrl":"https:\/\/monaco-f1-posters.com\/wp-content\/uploads\/2025\/01\/Monaco-F1-Grand-Prix-Poster-1991-A.jpeg","width":675,"height":1200,"caption":"Monaco-F1-Grand-Prix-Poster-1991-A"},{"@type":"BreadcrumbList","@id":"https:\/\/monaco-f1-posters.com\/en\/product\/monaco-grand-prix-1991-poster\/#breadcrumb","itemListElement":[{"@type":"ListItem","position":1,"name":"Accueil","item":"https:\/\/monaco-f1-posters.com\/en\/"},{"@type":"ListItem","position":2,"name":"Original and officialMonaco Grand Prix Posters","item":"https:\/\/monaco-f1-posters.com\/en\/shop\/"},{"@type":"ListItem","position":3,"name":"Monaco Grand Prix 1991 poster"}]},{"@type":"WebSite","@id":"https:\/\/monaco-f1-posters.com\/en\/#website","url":"https:\/\/monaco-f1-posters.com\/en\/","name":"Monaco F1 Posters","description":"","publisher":{"@id":"https:\/\/monaco-f1-posters.com\/en\/#organization"},"potentialAction":[{"@type":"SearchAction","target":{"@type":"EntryPoint","urlTemplate":"https:\/\/monaco-f1-posters.com\/en\/?s={search_term_string}"},"query-input":{"@type":"PropertyValueSpecification","valueRequired":true,"valueName":"search_term_string"}}],"inLanguage":"en-US"},{"@type":"Organization","@id":"https:\/\/monaco-f1-posters.com\/en\/#organization","name":"Monaco F1 Posters","url":"https:\/\/monaco-f1-posters.com\/en\/","logo":{"@type":"ImageObject","inLanguage":"en-US","@id":"https:\/\/monaco-f1-posters.com\/en\/#\/schema\/logo\/image\/","url":"https:\/\/monaco-f1-posters.com\/wp-content\/uploads\/2025\/01\/monaco_f1_posters_1.jpg","contentUrl":"https:\/\/monaco-f1-posters.com\/wp-content\/uploads\/2025\/01\/monaco_f1_posters_1.jpg","width":800,"height":630,"caption":"Monaco F1 Posters"},"image":{"@id":"https:\/\/monaco-f1-posters.com\/en\/#\/schema\/logo\/image\/"},"sameAs":["https:\/\/www.facebook.com\/monacof1posters","https:\/\/www.instagram.com\/monacof1posters\/"]}]}},"_links":{"self":[{"href":"https:\/\/monaco-f1-posters.com\/en\/wp-json\/wp\/v2\/product\/25803062","targetHints":{"allow":["GET"]}}],"collection":[{"href":"https:\/\/monaco-f1-posters.com\/en\/wp-json\/wp\/v2\/product"}],"about":[{"href":"https:\/\/monaco-f1-posters.com\/en\/wp-json\/wp\/v2\/types\/product"}],"wp:featuredmedia":[{"embeddable":true,"href":"https:\/\/monaco-f1-posters.com\/en\/wp-json\/wp\/v2\/media\/25803626"}],"wp:attachment":[{"href":"https:\/\/monaco-f1-posters.com\/en\/wp-json\/wp\/v2\/media?parent=25803062"}],"wp:term":[{"taxonomy":"product_brand","embeddable":true,"href":"https:\/\/monaco-f1-posters.com\/en\/wp-json\/wp\/v2\/product_brand?post=25803062"},{"taxonomy":"product_cat","embeddable":true,"href":"https:\/\/monaco-f1-posters.com\/en\/wp-json\/wp\/v2\/product_cat?post=25803062"},{"taxonomy":"product_tag","embeddable":true,"href":"https:\/\/monaco-f1-posters.com\/en\/wp-json\/wp\/v2\/product_tag?post=25803062"}],"curies":[{"name":"wp","href":"https:\/\/api.w.org\/{rel}","templated":true}]}}