{"id":25803038,"date":"2025-01-15T13:29:14","date_gmt":"2025-01-15T13:29:14","guid":{"rendered":"https:\/\/monaco-f1-posters.com\/a-propos\/"},"modified":"2025-04-10T09:42:46","modified_gmt":"2025-04-10T09:42:46","slug":"about","status":"publish","type":"page","link":"https:\/\/monaco-f1-posters.com\/en\/about\/","title":{"rendered":"About us"},"content":{"rendered":"<p>[et_pb_section fb_built=&#8221;1&#8243; _builder_version=&#8221;4.27.4&#8243; _module_preset=&#8221;default&#8221; background_color=&#8221;RGBA(255,255,255,0)&#8221; custom_padding=&#8221;50px||50px||true|false&#8221; global_colors_info=&#8221;{}&#8221;][et_pb_row _builder_version=&#8221;4.27.4&#8243; _module_preset=&#8221;default&#8221; custom_padding=&#8221;0px||0px||false|false&#8221; global_colors_info=&#8221;{}&#8221;][et_pb_column type=&#8221;4_4&#8243; _builder_version=&#8221;4.27.4&#8243; _module_preset=&#8221;default&#8221; global_colors_info=&#8221;{}&#8221;][et_pb_divider color=&#8221;#707070&#8243; divider_style=&#8221;dotted&#8221; _builder_version=&#8221;4.27.4&#8243; _module_preset=&#8221;default&#8221; global_colors_info=&#8221;{}&#8221;][\/et_pb_divider][\/et_pb_column][\/et_pb_row][\/et_pb_section][et_pb_section fb_built=&#8221;1&#8243; _builder_version=&#8221;4.27.4&#8243; _module_preset=&#8221;default&#8221; background_color=&#8221;#fcfcfc&#8221; custom_padding=&#8221;||||false|false&#8221; global_colors_info=&#8221;{}&#8221;][et_pb_row column_structure=&#8221;1_2,1_2&#8243; make_equal=&#8221;on&#8221; module_class=&#8221;middle&#8221; _builder_version=&#8221;4.27.4&#8243; _module_preset=&#8221;default&#8221; global_colors_info=&#8221;{}&#8221;][et_pb_column type=&#8221;1_2&#8243; _builder_version=&#8221;4.27.4&#8243; _module_preset=&#8221;default&#8221; global_colors_info=&#8221;{}&#8221;][et_pb_image src=&#8221;https:\/\/monaco-f1-posters.com\/wp-content\/uploads\/2025\/01\/Banniere_FB_-_MF1P-1.png&#8221; title_text=&#8221;Banni\u00e8re_FB_-_MF1P&#8221; _builder_version=&#8221;4.27.4&#8243; _module_preset=&#8221;default&#8221; scroll_vertical_motion_enable=&#8221;on&#8221; scroll_vertical_motion=&#8221;0|50|50|100|1|0|-1&#8243; global_colors_info=&#8221;{}&#8221;][\/et_pb_image][\/et_pb_column][et_pb_column type=&#8221;1_2&#8243; _builder_version=&#8221;4.27.4&#8243; _module_preset=&#8221;default&#8221; custom_padding=&#8221;|||5%|false|false&#8221; global_colors_info=&#8221;{}&#8221;][et_pb_text _builder_version=&#8221;4.27.4&#8243; _module_preset=&#8221;default&#8221; header_2_font=&#8221;|600|||||||&#8221; header_2_font_size=&#8221;38px&#8221; header_2_line_height=&#8221;1.2em&#8221; global_colors_info=&#8221;{}&#8221;]<\/p>\n<h2>The History of A.I.P. Monaco<\/h2>\n<p>[\/et_pb_text][et_pb_text _builder_version=&#8221;4.27.4&#8243; _module_preset=&#8221;default&#8221; global_colors_info=&#8221;{}&#8221;]A.I.P. Monaco, a key player in the organisation of the Monaco Grand Prix, left a lasting mark on this prestigious event by managing the circuit\u2019s advertising for nearly four decades. From 1976 to 2012, under the leadership of Max Poggi, the company played a central role in the promotion and animation of the Grand Prix.[\/et_pb_text][\/et_pb_column][\/et_pb_row][\/et_pb_section][et_pb_section fb_built=&#8221;1&#8243; admin_label=&#8221;About&#8221; _builder_version=&#8221;4.27.4&#8243; _module_preset=&#8221;default&#8221; background_color=&#8221;#f6f6f6&#8243; locked=&#8221;off&#8221; collapsed=&#8221;on&#8221; global_colors_info=&#8221;{%22gcid-ac604ccf-913b-415a-bc09-d01fcf4084df%22:%91%22background_color%22%93}&#8221;][et_pb_row column_structure=&#8221;1_2,1_2&#8243; _builder_version=&#8221;4.27.4&#8243; _module_preset=&#8221;default&#8221; max_width=&#8221;1280px&#8221; global_colors_info=&#8221;{}&#8221;][et_pb_column type=&#8221;1_2&#8243; _builder_version=&#8221;4.25.1&#8243; _module_preset=&#8221;default&#8221; global_colors_info=&#8221;{}&#8221;][et_pb_text module_class=&#8221;title-divider&#8221; _builder_version=&#8221;4.27.4&#8243; _module_preset=&#8221;fb237d41-4e10-4e48-8758-a134f2a05053&#8243; header_2_font=&#8221;|700|||||||&#8221; header_2_text_color=&#8221;#231816&#8243; custom_margin=&#8221;||10px||false|false&#8221; locked=&#8221;off&#8221; global_colors_info=&#8221;{}&#8221;]<\/p>\n<h2>Max Poggi<\/h2>\n<p>[\/et_pb_text][et_pb_text _builder_version=&#8221;4.27.4&#8243; _module_preset=&#8221;1b8bebd8-d180-4e7c-8abc-43c2794aca3d&#8221; header_text_color=&#8221;#ff1e00&#8243; header_6_font=&#8221;|700||on|||||&#8221; header_6_text_color=&#8221;#ff1e00&#8243; custom_margin=&#8221;||11px|||&#8221; custom_margin_tablet=&#8221;35px||0px||false|false&#8221; custom_margin_phone=&#8221;35px||0px||false|false&#8221; custom_margin_last_edited=&#8221;on|tablet&#8221; locked=&#8221;off&#8221; global_colors_info=&#8221;{}&#8221;]<\/p>\n<h6>An Iconic Yet Discreet Figure of Monaco<\/h6>\n<p>[\/et_pb_text][et_pb_text _builder_version=&#8221;4.27.4&#8243; _module_preset=&#8221;default&#8221; text_font=&#8221;||||||||&#8221; text_text_color=&#8221;#030107&#8243; text_font_size=&#8221;15px&#8221; global_colors_info=&#8221;{}&#8221;]<\/p>\n<p style=\"text-align: justify;\">Born on 17 February 1935 in Monaco, <strong>Max Poggi<\/strong> was more than just an entrepreneur\u2014he was a visionary and a man deeply devoted to <strong>the Principality of Monaco.<\/strong><\/p>\n<p>After studying law in Paris, this tireless worker quickly ventured into the business world, successfully exploring various industries.<\/p>\n<p>Among his most notable achievements was his role as the advertising manager for<strong> the Automobile Club de Monaco (ACM) racing events<\/strong>, most notably the prestigious <strong>Monaco Formula 1 Grand Prix<\/strong>, which continues to make history in motorsport today.<\/p>\n<p>[\/et_pb_text][\/et_pb_column][et_pb_column type=&#8221;1_2&#8243; _builder_version=&#8221;4.25.1&#8243; _module_preset=&#8221;default&#8221; global_colors_info=&#8221;{}&#8221;][et_pb_text _builder_version=&#8221;4.27.4&#8243; _module_preset=&#8221;99e0a7b7-4335-4edd-81db-a437e88dd917&#8243; text_font=&#8221;||||||||&#8221; text_text_color=&#8221;#030107&#8243; text_font_size=&#8221;15px&#8221; locked=&#8221;off&#8221; global_colors_info=&#8221;{}&#8221;]<\/p>\n<p style=\"text-align: justify;\">Despite his naturally discreet nature, Max Poggi left an indelible legacy in the world of sport. His active support for the creation of the Monaco<strong> Historic Grand Prix<\/strong> demonstrated his passion for automobiles and his desire to preserve Monaco\u2019s rich cultural and sporting heritage.<\/p>\n<p>Beyond Formula 1, he served as Vice-President of<strong> AS Monaco FC<\/strong>, contributing to the club\u2019s international success. A generous man, Max Poggi was also a dedicated donor to <strong>the Princess Grace Hospital Centre (CHPG)<\/strong> and a key founding partner of the Monaco<strong> Institute of Sports Medicine and Surgery (IM2S).<\/strong><\/p>\n<p>In a completely different field, he led<strong> La Gazette de Monaco<\/strong> for twelve years, revitalising the publication in 1998 at the request of <strong>Prince Rainier III<\/strong>, ensuring its continued influence.<\/p>\n<p>A Commander of the Order of Saint-Charles, Max Poggi worked tirelessly for the benefit of the Principality, which he considered to be at the heart of his success and life.<\/p>\n<p>[\/et_pb_text][\/et_pb_column][\/et_pb_row][\/et_pb_section][et_pb_section fb_built=&#8221;1&#8243; _builder_version=&#8221;4.27.4&#8243; _module_preset=&#8221;default&#8221; background_color=&#8221;#fcfcfc&#8221; min_height=&#8221;541.9px&#8221; custom_padding=&#8221;||||false|false&#8221; global_colors_info=&#8221;{}&#8221;][et_pb_row column_structure=&#8221;1_2,1_2&#8243; make_equal=&#8221;on&#8221; module_class=&#8221;middle&#8221; _builder_version=&#8221;4.27.4&#8243; _module_preset=&#8221;default&#8221; global_colors_info=&#8221;{}&#8221;][et_pb_column type=&#8221;1_2&#8243; _builder_version=&#8221;4.27.4&#8243; _module_preset=&#8221;default&#8221; custom_padding=&#8221;|||5%|false|false&#8221; global_colors_info=&#8221;{}&#8221;][et_pb_text _builder_version=&#8221;4.27.4&#8243; _module_preset=&#8221;1b8bebd8-d180-4e7c-8abc-43c2794aca3d&#8221; header_text_color=&#8221;#ff1e00&#8243; header_6_font=&#8221;|700||on|||||&#8221; header_6_text_color=&#8221;#ff1e00&#8243; custom_margin=&#8221;||11px|||&#8221; custom_margin_tablet=&#8221;35px||0px||false|false&#8221; custom_margin_phone=&#8221;35px||0px||false|false&#8221; custom_margin_last_edited=&#8221;on|tablet&#8221; locked=&#8221;off&#8221; global_colors_info=&#8221;{}&#8221;]<\/p>\n<h6>AIP MONACO: 40 YEARS SERVING THE MONACO FORMULA 1 GRAND PRIX<\/h6>\n<p>[\/et_pb_text][et_pb_text _builder_version=&#8221;4.27.4&#8243; _module_preset=&#8221;default&#8221; text_font=&#8221;||||||||&#8221; text_text_color=&#8221;#030107&#8243; text_font_size=&#8221;15px&#8221; global_colors_info=&#8221;{}&#8221;]A Role Beyond Advertising<\/p>\n<p>A.I.P. Monaco\u2019s responsibilities extended far beyond the mere sale of advertising space.<\/p>\n<p>The company recruited, trained, and supervised the hostesses who welcomed spectators from around the world. These hostesses also sold official merchandise, including programmes, postcards, and stickers, further reinforcing the identity and prestige of the event.<\/p>\n<p>However, one of A.I.P. Monaco\u2019s most significant contributions was its publishing role. Each year, the company collaborated with renowned artists\u2014including illustrators, painters, and photographers\u2014to design the official posters of the Monaco Formula 1 Grand Prix. These artistic creations not only captured the elegance of the Monaco circuit but also embodied the competitive spirit of Formula 1.[\/et_pb_text][\/et_pb_column][et_pb_column type=&#8221;1_2&#8243; _builder_version=&#8221;4.27.4&#8243; _module_preset=&#8221;default&#8221; global_colors_info=&#8221;{}&#8221;][et_pb_image src=&#8221;https:\/\/monaco-f1-posters.com\/wp-content\/uploads\/2025\/01\/image_.png&#8221; title_text=&#8221;image_&#8221; _builder_version=&#8221;4.27.4&#8243; _module_preset=&#8221;default&#8221; scroll_vertical_motion_enable=&#8221;on&#8221; scroll_vertical_motion=&#8221;0|50|50|100|1|0|-1&#8243; global_colors_info=&#8221;{}&#8221;][\/et_pb_image][\/et_pb_column][\/et_pb_row][\/et_pb_section][et_pb_section fb_built=&#8221;1&#8243; _builder_version=&#8221;4.27.4&#8243; _module_preset=&#8221;default&#8221; background_color=&#8221;#fcfcfc&#8221; custom_padding=&#8221;0px||||false|false&#8221; global_colors_info=&#8221;{}&#8221;][et_pb_row column_structure=&#8221;1_2,1_2&#8243; make_equal=&#8221;on&#8221; module_class=&#8221;middle&#8221; _builder_version=&#8221;4.27.4&#8243; _module_preset=&#8221;default&#8221; global_colors_info=&#8221;{}&#8221;][et_pb_column type=&#8221;1_2&#8243; _builder_version=&#8221;4.27.4&#8243; _module_preset=&#8221;default&#8221; global_colors_info=&#8221;{}&#8221;][et_pb_image src=&#8221;https:\/\/monaco-f1-posters.com\/wp-content\/uploads\/2025\/01\/7.png&#8221; title_text=&#8221;7&#8243; _builder_version=&#8221;4.27.4&#8243; _module_preset=&#8221;default&#8221; transform_scale=&#8221;80%|80%&#8221; scroll_vertical_motion_enable=&#8221;on&#8221; scroll_vertical_motion=&#8221;0|50|50|100|1|0|-1&#8243; global_colors_info=&#8221;{}&#8221;][\/et_pb_image][\/et_pb_column][et_pb_column type=&#8221;1_2&#8243; _builder_version=&#8221;4.27.4&#8243; _module_preset=&#8221;default&#8221; custom_padding=&#8221;|||5%|false|false&#8221; global_colors_info=&#8221;{}&#8221;][et_pb_text _builder_version=&#8221;4.27.4&#8243; _module_preset=&#8221;1b8bebd8-d180-4e7c-8abc-43c2794aca3d&#8221; header_text_color=&#8221;#ff1e00&#8243; header_6_font=&#8221;|700||on|||||&#8221; header_6_text_color=&#8221;#ff1e00&#8243; custom_margin=&#8221;||11px|||&#8221; custom_margin_tablet=&#8221;35px||0px||false|false&#8221; custom_margin_phone=&#8221;35px||0px||false|false&#8221; custom_margin_last_edited=&#8221;on|tablet&#8221; locked=&#8221;off&#8221; global_colors_info=&#8221;{}&#8221;]<\/p>\n<h6>A Legacy Preserved<\/h6>\n<p>[\/et_pb_text][et_pb_text _builder_version=&#8221;4.27.4&#8243; _module_preset=&#8221;default&#8221; text_font=&#8221;||||||||&#8221; text_text_color=&#8221;#030107&#8243; text_font_size=&#8221;15px&#8221; global_colors_info=&#8221;{}&#8221;]<\/p>\n<p>Following Max Poggi\u2019s passing in 2012, <strong>A.I.P. Monaco<\/strong>\u2019s mission came to an end, but its legacy lives on through initiatives like <strong>Monaco F1 Posters.<\/strong><\/p>\n<p><strong><span style=\"color: #e92d23;\">Monaco F1 Posters<\/span><\/strong> pays tribute to the visionary work of those who immortalised the spirit of the <strong>Monaco Formula 1 Grand Prix<\/strong> through these unique posters.<\/p>\n<p>Since the 2013 edition of the Grand Prix, the <strong>Automobile Club de Monaco<\/strong> has continued to uphold the history and values of this extraordinary event.<\/p>\n<p>[\/et_pb_text][\/et_pb_column][\/et_pb_row][\/et_pb_section][et_pb_section fb_built=&#8221;1&#8243; admin_label=&#8221;Footer&#8221; _builder_version=&#8221;4.24.2&#8243; _module_preset=&#8221;default&#8221; saved_tabs=&#8221;all&#8221; locked=&#8221;off&#8221; collapsed=&#8221;on&#8221; global_colors_info=&#8221;{}&#8221;][et_pb_row column_structure=&#8221;3_5,2_5&#8243; make_equal=&#8221;on&#8221; disabled_on=&#8221;on|on|on&#8221; _builder_version=&#8221;4.27.4&#8243; _module_preset=&#8221;default&#8221; background_enable_color=&#8221;off&#8221; use_background_color_gradient=&#8221;on&#8221; background_color_gradient_direction=&#8221;240deg&#8221; background_color_gradient_stops=&#8221;rgba(10,0,0,0.86) 0%|#0a0202 100%&#8221; background_color_gradient_overlays_image=&#8221;on&#8221; background_image=&#8221;https:\/\/monaco-f1-posters.com\/wp-content\/uploads\/2024\/12\/car-formula1-last-section.webp&#8221; parallax=&#8221;on&#8221; max_width=&#8221;1280px&#8221; overflow-x=&#8221;visible&#8221; overflow-y=&#8221;visible&#8221; custom_margin=&#8221;-240px||30px||false|false&#8221; custom_padding=&#8221;60px||60px||true|false&#8221; border_radii=&#8221;on|20px|20px|20px|20px&#8221; disabled=&#8221;on&#8221; global_colors_info=&#8221;{%22gcid-eba9b965-b9f9-43f5-b7e8-a0591766089f%22:%91%22background_color%22%93}&#8221;][et_pb_column type=&#8221;3_5&#8243; _builder_version=&#8221;4.21.0&#8243; _module_preset=&#8221;default&#8221; custom_padding=&#8221;60px|60px|60px|60px|true|true&#8221; custom_padding_tablet=&#8221;30px|30px|30px|30px|true|true&#8221; custom_padding_phone=&#8221;20px|20px|20px|20px|true|true&#8221; custom_padding_last_edited=&#8221;on|tablet&#8221; global_colors_info=&#8221;{}&#8221;][et_pb_text _builder_version=&#8221;4.27.4&#8243; _module_preset=&#8221;e006dc9b-b764-4008-b0df-c17bc4203975&#8243; header_2_font=&#8221;|700|||||||&#8221; header_2_text_color=&#8221;#FFFFFF&#8221; header_2_font_size=&#8221;40px&#8221; custom_margin=&#8221;||10px||false|false&#8221; global_colors_info=&#8221;{}&#8221;]<\/p>\n<h2>L\u2019univers Iconique du Grand Prix de Monaco<\/h2>\n<p>[\/et_pb_text][et_pb_text _builder_version=&#8221;4.27.4&#8243; _module_preset=&#8221;default&#8221; text_text_color=&#8221;#FFFFFF&#8221; global_colors_info=&#8221;{}&#8221;]Plongez dans l\u2019univers fascinant du Grand Prix de Monaco et laissez-vous s\u00e9duire par la magie de ces affiches iconiques. Que vous soyez un passionn\u00e9 de Formule 1 ou un collectionneur \u00e0 la recherche de pi\u00e8ces rares, Monaco F1 Posters est la destination incontournable. [\/et_pb_text][et_pb_button button_url=&#8221;\/contact\/&#8221; button_text=&#8221;Prendre contact&#8221; button_alignment=&#8221;left&#8221; _builder_version=&#8221;4.27.4&#8243; _module_preset=&#8221;default&#8221; custom_button=&#8221;on&#8221; button_text_size=&#8221;18px&#8221; button_text_color=&#8221;#FFFFFF&#8221; button_bg_color=&#8221;#ff1e00&#8243; button_border_width=&#8221;0px&#8221; button_border_radius=&#8221;10px&#8221; button_font=&#8221;Inter||||||||&#8221; custom_padding=&#8221;15px|40px|15px|40px|true|true&#8221; locked=&#8221;off&#8221; global_colors_info=&#8221;{}&#8221;][\/et_pb_button][\/et_pb_column][et_pb_column type=&#8221;2_5&#8243; _builder_version=&#8221;4.22.0&#8243; _module_preset=&#8221;default&#8221; global_colors_info=&#8221;{}&#8221;][et_pb_image src=&#8221;https:\/\/monaco-f1-posters.com\/wp-content\/uploads\/2025\/01\/race-1.png&#8221; title_text=&#8221;race-1&#8243; _builder_version=&#8221;4.27.4&#8243; _module_preset=&#8221;default&#8221; custom_padding=&#8221;|||0px||&#8221; global_colors_info=&#8221;{}&#8221;][\/et_pb_image][\/et_pb_column][\/et_pb_row][\/et_pb_section]<\/p>\n","protected":false},"excerpt":{"rendered":"<p>The History of A.I.P. Monaco A.I.P. Monaco, a key player in the organisation of the Monaco Grand Prix, left a lasting mark on this prestigious event by managing the circuit\u2019s advertising for nearly four decades. From 1976 to 2012, under the leadership of Max Poggi, the company played a central role in the promotion and [&hellip;]<\/p>\n","protected":false},"author":1,"featured_media":0,"parent":0,"menu_order":0,"comment_status":"closed","ping_status":"closed","template":"","meta":{"_acf_changed":false,"_et_pb_use_builder":"on","_et_pb_old_content":"","_et_gb_content_width":"","footnotes":""},"class_list":["post-25803038","page","type-page","status-publish","hentry"],"acf":[],"yoast_head":"<!-- This site is optimized with the Yoast SEO plugin v27.5 - https:\/\/yoast.com\/product\/yoast-seo-wordpress\/ -->\n<title>About us - Monaco F1 Posters<\/title>\n<meta name=\"robots\" content=\"index, follow, max-snippet:-1, max-image-preview:large, max-video-preview:-1\" \/>\n<link rel=\"canonical\" href=\"https:\/\/monaco-f1-posters.com\/en\/about\/\" \/>\n<meta property=\"og:locale\" content=\"en_US\" \/>\n<meta property=\"og:type\" content=\"article\" \/>\n<meta property=\"og:title\" content=\"About us - Monaco F1 Posters\" \/>\n<meta property=\"og:description\" content=\"The History of A.I.P. Monaco A.I.P. Monaco, a key player in the organisation of the Monaco Grand Prix, left a lasting mark on this prestigious event by managing the circuit\u2019s advertising for nearly four decades. From 1976 to 2012, under the leadership of Max Poggi, the company played a central role in the promotion and [&hellip;]\" \/>\n<meta property=\"og:url\" content=\"https:\/\/monaco-f1-posters.com\/en\/about\/\" \/>\n<meta property=\"og:site_name\" content=\"Monaco F1 Posters\" \/>\n<meta property=\"article:publisher\" content=\"https:\/\/www.facebook.com\/monacof1posters\" \/>\n<meta property=\"article:modified_time\" content=\"2025-04-10T09:42:46+00:00\" \/>\n<meta name=\"twitter:card\" content=\"summary_large_image\" \/>\n<meta name=\"twitter:label1\" content=\"Est. reading time\" \/>\n\t<meta name=\"twitter:data1\" content=\"5 minutes\" \/>\n<script type=\"application\/ld+json\" class=\"yoast-schema-graph\">{\"@context\":\"https:\\\/\\\/schema.org\",\"@graph\":[{\"@type\":\"WebPage\",\"@id\":\"https:\\\/\\\/monaco-f1-posters.com\\\/en\\\/about\\\/\",\"url\":\"https:\\\/\\\/monaco-f1-posters.com\\\/en\\\/about\\\/\",\"name\":\"About us - Monaco F1 Posters\",\"isPartOf\":{\"@id\":\"https:\\\/\\\/monaco-f1-posters.com\\\/en\\\/#website\"},\"datePublished\":\"2025-01-15T13:29:14+00:00\",\"dateModified\":\"2025-04-10T09:42:46+00:00\",\"breadcrumb\":{\"@id\":\"https:\\\/\\\/monaco-f1-posters.com\\\/en\\\/about\\\/#breadcrumb\"},\"inLanguage\":\"en-US\",\"potentialAction\":[{\"@type\":\"ReadAction\",\"target\":[\"https:\\\/\\\/monaco-f1-posters.com\\\/en\\\/about\\\/\"]}]},{\"@type\":\"BreadcrumbList\",\"@id\":\"https:\\\/\\\/monaco-f1-posters.com\\\/en\\\/about\\\/#breadcrumb\",\"itemListElement\":[{\"@type\":\"ListItem\",\"position\":1,\"name\":\"Accueil\",\"item\":\"https:\\\/\\\/monaco-f1-posters.com\\\/en\\\/\"},{\"@type\":\"ListItem\",\"position\":2,\"name\":\"About us\"}]},{\"@type\":\"WebSite\",\"@id\":\"https:\\\/\\\/monaco-f1-posters.com\\\/en\\\/#website\",\"url\":\"https:\\\/\\\/monaco-f1-posters.com\\\/en\\\/\",\"name\":\"Monaco F1 Posters\",\"description\":\"\",\"publisher\":{\"@id\":\"https:\\\/\\\/monaco-f1-posters.com\\\/en\\\/#organization\"},\"potentialAction\":[{\"@type\":\"SearchAction\",\"target\":{\"@type\":\"EntryPoint\",\"urlTemplate\":\"https:\\\/\\\/monaco-f1-posters.com\\\/en\\\/?s={search_term_string}\"},\"query-input\":{\"@type\":\"PropertyValueSpecification\",\"valueRequired\":true,\"valueName\":\"search_term_string\"}}],\"inLanguage\":\"en-US\"},{\"@type\":\"Organization\",\"@id\":\"https:\\\/\\\/monaco-f1-posters.com\\\/en\\\/#organization\",\"name\":\"Monaco F1 Posters\",\"url\":\"https:\\\/\\\/monaco-f1-posters.com\\\/en\\\/\",\"logo\":{\"@type\":\"ImageObject\",\"inLanguage\":\"en-US\",\"@id\":\"https:\\\/\\\/monaco-f1-posters.com\\\/en\\\/#\\\/schema\\\/logo\\\/image\\\/\",\"url\":\"https:\\\/\\\/monaco-f1-posters.com\\\/wp-content\\\/uploads\\\/2025\\\/01\\\/monaco_f1_posters_1.jpg\",\"contentUrl\":\"https:\\\/\\\/monaco-f1-posters.com\\\/wp-content\\\/uploads\\\/2025\\\/01\\\/monaco_f1_posters_1.jpg\",\"width\":800,\"height\":630,\"caption\":\"Monaco F1 Posters\"},\"image\":{\"@id\":\"https:\\\/\\\/monaco-f1-posters.com\\\/en\\\/#\\\/schema\\\/logo\\\/image\\\/\"},\"sameAs\":[\"https:\\\/\\\/www.facebook.com\\\/monacof1posters\",\"https:\\\/\\\/www.instagram.com\\\/monacof1posters\\\/\"]}]}<\/script>\n<!-- \/ Yoast SEO plugin. -->","yoast_head_json":{"title":"About us - Monaco F1 Posters","robots":{"index":"index","follow":"follow","max-snippet":"max-snippet:-1","max-image-preview":"max-image-preview:large","max-video-preview":"max-video-preview:-1"},"canonical":"https:\/\/monaco-f1-posters.com\/en\/about\/","og_locale":"en_US","og_type":"article","og_title":"About us - Monaco F1 Posters","og_description":"The History of A.I.P. Monaco A.I.P. Monaco, a key player in the organisation of the Monaco Grand Prix, left a lasting mark on this prestigious event by managing the circuit\u2019s advertising for nearly four decades. From 1976 to 2012, under the leadership of Max Poggi, the company played a central role in the promotion and [&hellip;]","og_url":"https:\/\/monaco-f1-posters.com\/en\/about\/","og_site_name":"Monaco F1 Posters","article_publisher":"https:\/\/www.facebook.com\/monacof1posters","article_modified_time":"2025-04-10T09:42:46+00:00","twitter_card":"summary_large_image","twitter_misc":{"Est. reading time":"5 minutes"},"schema":{"@context":"https:\/\/schema.org","@graph":[{"@type":"WebPage","@id":"https:\/\/monaco-f1-posters.com\/en\/about\/","url":"https:\/\/monaco-f1-posters.com\/en\/about\/","name":"About us - Monaco F1 Posters","isPartOf":{"@id":"https:\/\/monaco-f1-posters.com\/en\/#website"},"datePublished":"2025-01-15T13:29:14+00:00","dateModified":"2025-04-10T09:42:46+00:00","breadcrumb":{"@id":"https:\/\/monaco-f1-posters.com\/en\/about\/#breadcrumb"},"inLanguage":"en-US","potentialAction":[{"@type":"ReadAction","target":["https:\/\/monaco-f1-posters.com\/en\/about\/"]}]},{"@type":"BreadcrumbList","@id":"https:\/\/monaco-f1-posters.com\/en\/about\/#breadcrumb","itemListElement":[{"@type":"ListItem","position":1,"name":"Accueil","item":"https:\/\/monaco-f1-posters.com\/en\/"},{"@type":"ListItem","position":2,"name":"About us"}]},{"@type":"WebSite","@id":"https:\/\/monaco-f1-posters.com\/en\/#website","url":"https:\/\/monaco-f1-posters.com\/en\/","name":"Monaco F1 Posters","description":"","publisher":{"@id":"https:\/\/monaco-f1-posters.com\/en\/#organization"},"potentialAction":[{"@type":"SearchAction","target":{"@type":"EntryPoint","urlTemplate":"https:\/\/monaco-f1-posters.com\/en\/?s={search_term_string}"},"query-input":{"@type":"PropertyValueSpecification","valueRequired":true,"valueName":"search_term_string"}}],"inLanguage":"en-US"},{"@type":"Organization","@id":"https:\/\/monaco-f1-posters.com\/en\/#organization","name":"Monaco F1 Posters","url":"https:\/\/monaco-f1-posters.com\/en\/","logo":{"@type":"ImageObject","inLanguage":"en-US","@id":"https:\/\/monaco-f1-posters.com\/en\/#\/schema\/logo\/image\/","url":"https:\/\/monaco-f1-posters.com\/wp-content\/uploads\/2025\/01\/monaco_f1_posters_1.jpg","contentUrl":"https:\/\/monaco-f1-posters.com\/wp-content\/uploads\/2025\/01\/monaco_f1_posters_1.jpg","width":800,"height":630,"caption":"Monaco F1 Posters"},"image":{"@id":"https:\/\/monaco-f1-posters.com\/en\/#\/schema\/logo\/image\/"},"sameAs":["https:\/\/www.facebook.com\/monacof1posters","https:\/\/www.instagram.com\/monacof1posters\/"]}]}},"_links":{"self":[{"href":"https:\/\/monaco-f1-posters.com\/en\/wp-json\/wp\/v2\/pages\/25803038","targetHints":{"allow":["GET"]}}],"collection":[{"href":"https:\/\/monaco-f1-posters.com\/en\/wp-json\/wp\/v2\/pages"}],"about":[{"href":"https:\/\/monaco-f1-posters.com\/en\/wp-json\/wp\/v2\/types\/page"}],"author":[{"embeddable":true,"href":"https:\/\/monaco-f1-posters.com\/en\/wp-json\/wp\/v2\/users\/1"}],"replies":[{"embeddable":true,"href":"https:\/\/monaco-f1-posters.com\/en\/wp-json\/wp\/v2\/comments?post=25803038"}],"version-history":[{"count":6,"href":"https:\/\/monaco-f1-posters.com\/en\/wp-json\/wp\/v2\/pages\/25803038\/revisions"}],"predecessor-version":[{"id":25804391,"href":"https:\/\/monaco-f1-posters.com\/en\/wp-json\/wp\/v2\/pages\/25803038\/revisions\/25804391"}],"wp:attachment":[{"href":"https:\/\/monaco-f1-posters.com\/en\/wp-json\/wp\/v2\/media?parent=25803038"}],"curies":[{"name":"wp","href":"https:\/\/api.w.org\/{rel}","templated":true}]}}