{"id":25804177,"date":"2025-01-07T14:31:29","date_gmt":"2025-01-07T14:31:29","guid":{"rendered":"https:\/\/monaco-f1-posters.com\/product\/affiche-du-grand-prix-de-monaco-1979\/"},"modified":"2025-04-09T13:58:02","modified_gmt":"2025-04-09T13:58:02","slug":"plakat-des-grossen-preises-von-monaco-1979","status":"publish","type":"product","link":"https:\/\/monaco-f1-posters.com\/de\/produkt\/plakat-des-grossen-preises-von-monaco-1979\/","title":{"rendered":"Plakat des Gro\u00dfen Preises von Monaco 1979"},"content":{"rendered":"","protected":false},"excerpt":{"rendered":"<p><strong>Autor : Alain Giampaoli<\/strong><\/p>\n<p class=\"p1\">Feiern Sie das 50. Jubil\u00e4um des Gro\u00dfen Preises von Monaco mit diesem dynamischen Plakat des 37. Gro\u00dfen Preises. Es zeigt eine beeindruckende R\u00fcckansicht eines Formel-1-Wagens in voller Beschleunigung, die die gesamte Kraft und Pr\u00e4zision widerspiegelt, die auf dem ber\u00fchmten Circuit de Monaco erforderlich sind. Im Hintergrund tauchen die lebhaften Trib\u00fcnen und die ikonischen Geb\u00e4ude der F\u00fcrstentum Monaco die Darstellung in die einzigartige Atmosph\u00e4re dieses legend\u00e4ren Ereignisses.<\/p>\n<p class=\"p1\">Ein Muss f\u00fcr F1-Fans und Liebhaber des sportlichen Designs, das die Geschichte und den Prestige des Rennens feiert.<\/p>\n<p class=\"p1\">\ud83d\udc49 <b>Ein perfektes Tribut an 50 Jahre Automobil-Exzellenz.<\/b><\/p>\n","protected":false},"featured_media":25804633,"template":"","meta":{"_acf_changed":false,"_et_pb_use_builder":"","_et_pb_old_content":"","_et_gb_content_width":""},"product_brand":[],"product_cat":[57],"product_tag":[],"class_list":{"0":"post-25804177","1":"product","2":"type-product","3":"status-publish","4":"has-post-thumbnail","6":"product_cat-original-poster","8":"first","9":"instock","10":"taxable","11":"shipping-taxable","12":"purchasable","13":"product-type-simple"},"acf":[],"yoast_head":"<!-- This site is optimized with the Yoast SEO plugin v27.5 - https:\/\/yoast.com\/product\/yoast-seo-wordpress\/ -->\n<title>Plakat des Gro\u00dfen Preises von Monaco 1979 - Monaco F1 Posters<\/title>\n<meta name=\"description\" content=\"Das offizielle und originale Plakat des Gro\u00dfen Preises von Monaco 1979 zeigt eine beeindruckende R\u00fcckansicht eines Formel-1-Wagens in voller Beschleunigung.\" \/>\n<meta name=\"robots\" content=\"index, follow, max-snippet:-1, max-image-preview:large, max-video-preview:-1\" \/>\n<link rel=\"canonical\" href=\"https:\/\/monaco-f1-posters.com\/de\/produkt\/plakat-des-grossen-preises-von-monaco-1979\/\" \/>\n<meta property=\"og:locale\" content=\"de_DE\" \/>\n<meta property=\"og:type\" content=\"article\" \/>\n<meta property=\"og:title\" content=\"Plakat des Gro\u00dfen Preises von Monaco 1979 - Monaco F1 Posters\" \/>\n<meta property=\"og:description\" content=\"Das offizielle und originale Plakat des Gro\u00dfen Preises von Monaco 1979 zeigt eine beeindruckende R\u00fcckansicht eines Formel-1-Wagens in voller Beschleunigung.\" \/>\n<meta property=\"og:url\" content=\"https:\/\/monaco-f1-posters.com\/de\/produkt\/plakat-des-grossen-preises-von-monaco-1979\/\" \/>\n<meta property=\"og:site_name\" content=\"Monaco F1 Posters\" \/>\n<meta property=\"article:publisher\" content=\"https:\/\/www.facebook.com\/monacof1posters\" \/>\n<meta property=\"article:modified_time\" content=\"2025-04-09T13:58:02+00:00\" \/>\n<meta property=\"og:image\" content=\"https:\/\/monaco-f1-posters.com\/wp-content\/uploads\/2025\/01\/monaco-F1-Grand-Prix-poster-1979.jpg\" \/>\n\t<meta property=\"og:image:width\" content=\"693\" \/>\n\t<meta property=\"og:image:height\" content=\"1024\" \/>\n\t<meta property=\"og:image:type\" content=\"image\/jpeg\" \/>\n<meta name=\"twitter:card\" content=\"summary_large_image\" \/>\n<meta name=\"twitter:label1\" content=\"Gesch\u00e4tzte Lesezeit\" \/>\n\t<meta name=\"twitter:data1\" content=\"1\u00a0Minute\" \/>\n<script type=\"application\/ld+json\" class=\"yoast-schema-graph\">{\"@context\":\"https:\\\/\\\/schema.org\",\"@graph\":[{\"@type\":\"WebPage\",\"@id\":\"https:\\\/\\\/monaco-f1-posters.com\\\/de\\\/produkt\\\/plakat-des-grossen-preises-von-monaco-1979\\\/\",\"url\":\"https:\\\/\\\/monaco-f1-posters.com\\\/de\\\/produkt\\\/plakat-des-grossen-preises-von-monaco-1979\\\/\",\"name\":\"Plakat des Gro\u00dfen Preises von Monaco 1979 - Monaco F1 Posters\",\"isPartOf\":{\"@id\":\"https:\\\/\\\/monaco-f1-posters.com\\\/de\\\/#website\"},\"primaryImageOfPage\":{\"@id\":\"https:\\\/\\\/monaco-f1-posters.com\\\/de\\\/produkt\\\/plakat-des-grossen-preises-von-monaco-1979\\\/#primaryimage\"},\"image\":{\"@id\":\"https:\\\/\\\/monaco-f1-posters.com\\\/de\\\/produkt\\\/plakat-des-grossen-preises-von-monaco-1979\\\/#primaryimage\"},\"thumbnailUrl\":\"https:\\\/\\\/monaco-f1-posters.com\\\/wp-content\\\/uploads\\\/2025\\\/01\\\/Mockup-1979-4-5.jpg\",\"datePublished\":\"2025-01-07T14:31:29+00:00\",\"dateModified\":\"2025-04-09T13:58:02+00:00\",\"description\":\"Das offizielle und originale Plakat des Gro\u00dfen Preises von Monaco 1979 zeigt eine beeindruckende R\u00fcckansicht eines Formel-1-Wagens in voller Beschleunigung.\",\"breadcrumb\":{\"@id\":\"https:\\\/\\\/monaco-f1-posters.com\\\/de\\\/produkt\\\/plakat-des-grossen-preises-von-monaco-1979\\\/#breadcrumb\"},\"inLanguage\":\"de\",\"potentialAction\":[{\"@type\":\"ReadAction\",\"target\":[\"https:\\\/\\\/monaco-f1-posters.com\\\/de\\\/produkt\\\/plakat-des-grossen-preises-von-monaco-1979\\\/\"]}]},{\"@type\":\"ImageObject\",\"inLanguage\":\"de\",\"@id\":\"https:\\\/\\\/monaco-f1-posters.com\\\/de\\\/produkt\\\/plakat-des-grossen-preises-von-monaco-1979\\\/#primaryimage\",\"url\":\"https:\\\/\\\/monaco-f1-posters.com\\\/wp-content\\\/uploads\\\/2025\\\/01\\\/Mockup-1979-4-5.jpg\",\"contentUrl\":\"https:\\\/\\\/monaco-f1-posters.com\\\/wp-content\\\/uploads\\\/2025\\\/01\\\/Mockup-1979-4-5.jpg\",\"width\":819,\"height\":1024,\"caption\":\"Monaco-F1-Grand-Prix-Poster-1979\"},{\"@type\":\"BreadcrumbList\",\"@id\":\"https:\\\/\\\/monaco-f1-posters.com\\\/de\\\/produkt\\\/plakat-des-grossen-preises-von-monaco-1979\\\/#breadcrumb\",\"itemListElement\":[{\"@type\":\"ListItem\",\"position\":1,\"name\":\"Accueil\",\"item\":\"https:\\\/\\\/monaco-f1-posters.com\\\/de\\\/\"},{\"@type\":\"ListItem\",\"position\":2,\"name\":\"Originale und offizielle Plakatedes Gro\u00dfen Preises von Monaco\",\"item\":\"https:\\\/\\\/monaco-f1-posters.com\\\/de\\\/onlineshop\\\/\"},{\"@type\":\"ListItem\",\"position\":3,\"name\":\"Plakat des Gro\u00dfen Preises von Monaco 1979\"}]},{\"@type\":\"WebSite\",\"@id\":\"https:\\\/\\\/monaco-f1-posters.com\\\/de\\\/#website\",\"url\":\"https:\\\/\\\/monaco-f1-posters.com\\\/de\\\/\",\"name\":\"Monaco F1 Posters\",\"description\":\"\",\"publisher\":{\"@id\":\"https:\\\/\\\/monaco-f1-posters.com\\\/de\\\/#organization\"},\"potentialAction\":[{\"@type\":\"SearchAction\",\"target\":{\"@type\":\"EntryPoint\",\"urlTemplate\":\"https:\\\/\\\/monaco-f1-posters.com\\\/de\\\/?s={search_term_string}\"},\"query-input\":{\"@type\":\"PropertyValueSpecification\",\"valueRequired\":true,\"valueName\":\"search_term_string\"}}],\"inLanguage\":\"de\"},{\"@type\":\"Organization\",\"@id\":\"https:\\\/\\\/monaco-f1-posters.com\\\/de\\\/#organization\",\"name\":\"Monaco F1 Posters\",\"url\":\"https:\\\/\\\/monaco-f1-posters.com\\\/de\\\/\",\"logo\":{\"@type\":\"ImageObject\",\"inLanguage\":\"de\",\"@id\":\"https:\\\/\\\/monaco-f1-posters.com\\\/de\\\/#\\\/schema\\\/logo\\\/image\\\/\",\"url\":\"https:\\\/\\\/monaco-f1-posters.com\\\/wp-content\\\/uploads\\\/2025\\\/01\\\/monaco_f1_posters_1.jpg\",\"contentUrl\":\"https:\\\/\\\/monaco-f1-posters.com\\\/wp-content\\\/uploads\\\/2025\\\/01\\\/monaco_f1_posters_1.jpg\",\"width\":800,\"height\":630,\"caption\":\"Monaco F1 Posters\"},\"image\":{\"@id\":\"https:\\\/\\\/monaco-f1-posters.com\\\/de\\\/#\\\/schema\\\/logo\\\/image\\\/\"},\"sameAs\":[\"https:\\\/\\\/www.facebook.com\\\/monacof1posters\",\"https:\\\/\\\/www.instagram.com\\\/monacof1posters\\\/\"]}]}<\/script>\n<!-- \/ Yoast SEO plugin. -->","yoast_head_json":{"title":"Plakat des Gro\u00dfen Preises von Monaco 1979 - Monaco F1 Posters","description":"Das offizielle und originale Plakat des Gro\u00dfen Preises von Monaco 1979 zeigt eine beeindruckende R\u00fcckansicht eines Formel-1-Wagens in voller Beschleunigung.","robots":{"index":"index","follow":"follow","max-snippet":"max-snippet:-1","max-image-preview":"max-image-preview:large","max-video-preview":"max-video-preview:-1"},"canonical":"https:\/\/monaco-f1-posters.com\/de\/produkt\/plakat-des-grossen-preises-von-monaco-1979\/","og_locale":"de_DE","og_type":"article","og_title":"Plakat des Gro\u00dfen Preises von Monaco 1979 - Monaco F1 Posters","og_description":"Das offizielle und originale Plakat des Gro\u00dfen Preises von Monaco 1979 zeigt eine beeindruckende R\u00fcckansicht eines Formel-1-Wagens in voller Beschleunigung.","og_url":"https:\/\/monaco-f1-posters.com\/de\/produkt\/plakat-des-grossen-preises-von-monaco-1979\/","og_site_name":"Monaco F1 Posters","article_publisher":"https:\/\/www.facebook.com\/monacof1posters","article_modified_time":"2025-04-09T13:58:02+00:00","og_image":[{"width":693,"height":1024,"url":"https:\/\/monaco-f1-posters.com\/wp-content\/uploads\/2025\/01\/monaco-F1-Grand-Prix-poster-1979.jpg","type":"image\/jpeg"}],"twitter_card":"summary_large_image","twitter_misc":{"Gesch\u00e4tzte Lesezeit":"1\u00a0Minute"},"schema":{"@context":"https:\/\/schema.org","@graph":[{"@type":"WebPage","@id":"https:\/\/monaco-f1-posters.com\/de\/produkt\/plakat-des-grossen-preises-von-monaco-1979\/","url":"https:\/\/monaco-f1-posters.com\/de\/produkt\/plakat-des-grossen-preises-von-monaco-1979\/","name":"Plakat des Gro\u00dfen Preises von Monaco 1979 - Monaco F1 Posters","isPartOf":{"@id":"https:\/\/monaco-f1-posters.com\/de\/#website"},"primaryImageOfPage":{"@id":"https:\/\/monaco-f1-posters.com\/de\/produkt\/plakat-des-grossen-preises-von-monaco-1979\/#primaryimage"},"image":{"@id":"https:\/\/monaco-f1-posters.com\/de\/produkt\/plakat-des-grossen-preises-von-monaco-1979\/#primaryimage"},"thumbnailUrl":"https:\/\/monaco-f1-posters.com\/wp-content\/uploads\/2025\/01\/Mockup-1979-4-5.jpg","datePublished":"2025-01-07T14:31:29+00:00","dateModified":"2025-04-09T13:58:02+00:00","description":"Das offizielle und originale Plakat des Gro\u00dfen Preises von Monaco 1979 zeigt eine beeindruckende R\u00fcckansicht eines Formel-1-Wagens in voller Beschleunigung.","breadcrumb":{"@id":"https:\/\/monaco-f1-posters.com\/de\/produkt\/plakat-des-grossen-preises-von-monaco-1979\/#breadcrumb"},"inLanguage":"de","potentialAction":[{"@type":"ReadAction","target":["https:\/\/monaco-f1-posters.com\/de\/produkt\/plakat-des-grossen-preises-von-monaco-1979\/"]}]},{"@type":"ImageObject","inLanguage":"de","@id":"https:\/\/monaco-f1-posters.com\/de\/produkt\/plakat-des-grossen-preises-von-monaco-1979\/#primaryimage","url":"https:\/\/monaco-f1-posters.com\/wp-content\/uploads\/2025\/01\/Mockup-1979-4-5.jpg","contentUrl":"https:\/\/monaco-f1-posters.com\/wp-content\/uploads\/2025\/01\/Mockup-1979-4-5.jpg","width":819,"height":1024,"caption":"Monaco-F1-Grand-Prix-Poster-1979"},{"@type":"BreadcrumbList","@id":"https:\/\/monaco-f1-posters.com\/de\/produkt\/plakat-des-grossen-preises-von-monaco-1979\/#breadcrumb","itemListElement":[{"@type":"ListItem","position":1,"name":"Accueil","item":"https:\/\/monaco-f1-posters.com\/de\/"},{"@type":"ListItem","position":2,"name":"Originale und offizielle Plakatedes Gro\u00dfen Preises von Monaco","item":"https:\/\/monaco-f1-posters.com\/de\/onlineshop\/"},{"@type":"ListItem","position":3,"name":"Plakat des Gro\u00dfen Preises von Monaco 1979"}]},{"@type":"WebSite","@id":"https:\/\/monaco-f1-posters.com\/de\/#website","url":"https:\/\/monaco-f1-posters.com\/de\/","name":"Monaco F1 Posters","description":"","publisher":{"@id":"https:\/\/monaco-f1-posters.com\/de\/#organization"},"potentialAction":[{"@type":"SearchAction","target":{"@type":"EntryPoint","urlTemplate":"https:\/\/monaco-f1-posters.com\/de\/?s={search_term_string}"},"query-input":{"@type":"PropertyValueSpecification","valueRequired":true,"valueName":"search_term_string"}}],"inLanguage":"de"},{"@type":"Organization","@id":"https:\/\/monaco-f1-posters.com\/de\/#organization","name":"Monaco F1 Posters","url":"https:\/\/monaco-f1-posters.com\/de\/","logo":{"@type":"ImageObject","inLanguage":"de","@id":"https:\/\/monaco-f1-posters.com\/de\/#\/schema\/logo\/image\/","url":"https:\/\/monaco-f1-posters.com\/wp-content\/uploads\/2025\/01\/monaco_f1_posters_1.jpg","contentUrl":"https:\/\/monaco-f1-posters.com\/wp-content\/uploads\/2025\/01\/monaco_f1_posters_1.jpg","width":800,"height":630,"caption":"Monaco F1 Posters"},"image":{"@id":"https:\/\/monaco-f1-posters.com\/de\/#\/schema\/logo\/image\/"},"sameAs":["https:\/\/www.facebook.com\/monacof1posters","https:\/\/www.instagram.com\/monacof1posters\/"]}]}},"_links":{"self":[{"href":"https:\/\/monaco-f1-posters.com\/de\/wp-json\/wp\/v2\/product\/25804177","targetHints":{"allow":["GET"]}}],"collection":[{"href":"https:\/\/monaco-f1-posters.com\/de\/wp-json\/wp\/v2\/product"}],"about":[{"href":"https:\/\/monaco-f1-posters.com\/de\/wp-json\/wp\/v2\/types\/product"}],"wp:featuredmedia":[{"embeddable":true,"href":"https:\/\/monaco-f1-posters.com\/de\/wp-json\/wp\/v2\/media\/25804633"}],"wp:attachment":[{"href":"https:\/\/monaco-f1-posters.com\/de\/wp-json\/wp\/v2\/media?parent=25804177"}],"wp:term":[{"taxonomy":"product_brand","embeddable":true,"href":"https:\/\/monaco-f1-posters.com\/de\/wp-json\/wp\/v2\/product_brand?post=25804177"},{"taxonomy":"product_cat","embeddable":true,"href":"https:\/\/monaco-f1-posters.com\/de\/wp-json\/wp\/v2\/product_cat?post=25804177"},{"taxonomy":"product_tag","embeddable":true,"href":"https:\/\/monaco-f1-posters.com\/de\/wp-json\/wp\/v2\/product_tag?post=25804177"}],"curies":[{"name":"wp","href":"https:\/\/api.w.org\/{rel}","templated":true}]}}