{"id":25804164,"date":"2025-01-07T14:32:59","date_gmt":"2025-01-07T14:32:59","guid":{"rendered":"https:\/\/monaco-f1-posters.com\/product\/affiche-du-grand-prix-de-monaco-1980\/"},"modified":"2025-04-09T13:54:31","modified_gmt":"2025-04-09T13:54:31","slug":"plakat-des-grossen-preises-von-monaco-1980","status":"publish","type":"product","link":"https:\/\/monaco-f1-posters.com\/de\/produkt\/plakat-des-grossen-preises-von-monaco-1980\/","title":{"rendered":"Plakat des Gro\u00dfen Preises von Monaco 1980"},"content":{"rendered":"","protected":false},"excerpt":{"rendered":"<p><strong>Autor : J. Grognet<\/strong><\/p>\n<p class=\"p1\">Dieses offizielle Plakat des 38. Gro\u00dfen Preises von Monaco f\u00e4ngt die perfekte Mischung aus Geschwindigkeit und Eleganz ein. Ein auff\u00e4lliger, roter Formel-1-Wagen, frontal gesehen, taucht im Zentrum auf und symbolisiert Kraft und Pr\u00e4zision. Im Hintergrund konvergieren leuchtende Farben und dynamische Linien zum F\u00fcrstenpalast, einem Wahrzeichen von Monaco.<\/p>\n<p class=\"p1\">Ein k\u00fchnes und modernes Design, perfekt f\u00fcr Sammler und Liebhaber legend\u00e4rer Rennen.<\/p>\n<p class=\"p1\">\ud83d\udc49 <b>Ein Muss, um die Geschichte und den Prestige der F1 in Monaco zu feiern.<\/b><\/p>\n","protected":false},"featured_media":25804637,"template":"","meta":{"_acf_changed":false,"_et_pb_use_builder":"","_et_pb_old_content":"","_et_gb_content_width":""},"product_brand":[],"product_cat":[57],"product_tag":[],"class_list":{"0":"post-25804164","1":"product","2":"type-product","3":"status-publish","4":"has-post-thumbnail","6":"product_cat-original-poster","8":"first","9":"instock","10":"taxable","11":"shipping-taxable","12":"purchasable","13":"product-type-simple"},"acf":[],"yoast_head":"<!-- This site is optimized with the Yoast SEO plugin v27.5 - https:\/\/yoast.com\/product\/yoast-seo-wordpress\/ -->\n<title>Plakat des Gro\u00dfen Preises von Monaco 1980 - Monaco F1 Posters<\/title>\n<meta name=\"description\" content=\"Das offizielle Poster des 38. Gro\u00dfen Preises von Monaco 1980 f\u00e4ngt die perfekte Mischung aus Geschwindigkeit und Eleganz mit einem hervorstechenden roten Formel-1-Auto ein.\" \/>\n<meta name=\"robots\" content=\"index, follow, max-snippet:-1, max-image-preview:large, max-video-preview:-1\" \/>\n<link rel=\"canonical\" href=\"https:\/\/monaco-f1-posters.com\/de\/produkt\/plakat-des-grossen-preises-von-monaco-1980\/\" \/>\n<meta property=\"og:locale\" content=\"de_DE\" \/>\n<meta property=\"og:type\" content=\"article\" \/>\n<meta property=\"og:title\" content=\"Plakat des Gro\u00dfen Preises von Monaco 1980 - Monaco F1 Posters\" \/>\n<meta property=\"og:description\" content=\"Das offizielle Poster des 38. Gro\u00dfen Preises von Monaco 1980 f\u00e4ngt die perfekte Mischung aus Geschwindigkeit und Eleganz mit einem hervorstechenden roten Formel-1-Auto ein.\" \/>\n<meta property=\"og:url\" content=\"https:\/\/monaco-f1-posters.com\/de\/produkt\/plakat-des-grossen-preises-von-monaco-1980\/\" \/>\n<meta property=\"og:site_name\" content=\"Monaco F1 Posters\" \/>\n<meta property=\"article:publisher\" content=\"https:\/\/www.facebook.com\/monacof1posters\" \/>\n<meta property=\"article:modified_time\" content=\"2025-04-09T13:54:31+00:00\" \/>\n<meta property=\"og:image\" content=\"https:\/\/monaco-f1-posters.com\/wp-content\/uploads\/2025\/01\/monaco-F1-Grand-Prix-poster-1980.jpg\" \/>\n\t<meta property=\"og:image:width\" content=\"1000\" \/>\n\t<meta property=\"og:image:height\" content=\"1415\" \/>\n\t<meta property=\"og:image:type\" content=\"image\/jpeg\" \/>\n<meta name=\"twitter:card\" content=\"summary_large_image\" \/>\n<meta name=\"twitter:label1\" content=\"Gesch\u00e4tzte Lesezeit\" \/>\n\t<meta name=\"twitter:data1\" content=\"1\u00a0Minute\" \/>\n<script type=\"application\/ld+json\" class=\"yoast-schema-graph\">{\"@context\":\"https:\\\/\\\/schema.org\",\"@graph\":[{\"@type\":\"WebPage\",\"@id\":\"https:\\\/\\\/monaco-f1-posters.com\\\/de\\\/produkt\\\/plakat-des-grossen-preises-von-monaco-1980\\\/\",\"url\":\"https:\\\/\\\/monaco-f1-posters.com\\\/de\\\/produkt\\\/plakat-des-grossen-preises-von-monaco-1980\\\/\",\"name\":\"Plakat des Gro\u00dfen Preises von Monaco 1980 - Monaco F1 Posters\",\"isPartOf\":{\"@id\":\"https:\\\/\\\/monaco-f1-posters.com\\\/de\\\/#website\"},\"primaryImageOfPage\":{\"@id\":\"https:\\\/\\\/monaco-f1-posters.com\\\/de\\\/produkt\\\/plakat-des-grossen-preises-von-monaco-1980\\\/#primaryimage\"},\"image\":{\"@id\":\"https:\\\/\\\/monaco-f1-posters.com\\\/de\\\/produkt\\\/plakat-des-grossen-preises-von-monaco-1980\\\/#primaryimage\"},\"thumbnailUrl\":\"https:\\\/\\\/monaco-f1-posters.com\\\/wp-content\\\/uploads\\\/2025\\\/01\\\/Mockup-1980-4-5.jpg\",\"datePublished\":\"2025-01-07T14:32:59+00:00\",\"dateModified\":\"2025-04-09T13:54:31+00:00\",\"description\":\"Das offizielle Poster des 38. Gro\u00dfen Preises von Monaco 1980 f\u00e4ngt die perfekte Mischung aus Geschwindigkeit und Eleganz mit einem hervorstechenden roten Formel-1-Auto ein.\",\"breadcrumb\":{\"@id\":\"https:\\\/\\\/monaco-f1-posters.com\\\/de\\\/produkt\\\/plakat-des-grossen-preises-von-monaco-1980\\\/#breadcrumb\"},\"inLanguage\":\"de\",\"potentialAction\":[{\"@type\":\"ReadAction\",\"target\":[\"https:\\\/\\\/monaco-f1-posters.com\\\/de\\\/produkt\\\/plakat-des-grossen-preises-von-monaco-1980\\\/\"]}]},{\"@type\":\"ImageObject\",\"inLanguage\":\"de\",\"@id\":\"https:\\\/\\\/monaco-f1-posters.com\\\/de\\\/produkt\\\/plakat-des-grossen-preises-von-monaco-1980\\\/#primaryimage\",\"url\":\"https:\\\/\\\/monaco-f1-posters.com\\\/wp-content\\\/uploads\\\/2025\\\/01\\\/Mockup-1980-4-5.jpg\",\"contentUrl\":\"https:\\\/\\\/monaco-f1-posters.com\\\/wp-content\\\/uploads\\\/2025\\\/01\\\/Mockup-1980-4-5.jpg\",\"width\":819,\"height\":1024,\"caption\":\"Monaco-F1-Grand-Prix-Poster-1980\"},{\"@type\":\"BreadcrumbList\",\"@id\":\"https:\\\/\\\/monaco-f1-posters.com\\\/de\\\/produkt\\\/plakat-des-grossen-preises-von-monaco-1980\\\/#breadcrumb\",\"itemListElement\":[{\"@type\":\"ListItem\",\"position\":1,\"name\":\"Accueil\",\"item\":\"https:\\\/\\\/monaco-f1-posters.com\\\/de\\\/\"},{\"@type\":\"ListItem\",\"position\":2,\"name\":\"Originale und offizielle Plakatedes Gro\u00dfen Preises von Monaco\",\"item\":\"https:\\\/\\\/monaco-f1-posters.com\\\/de\\\/onlineshop\\\/\"},{\"@type\":\"ListItem\",\"position\":3,\"name\":\"Plakat des Gro\u00dfen Preises von Monaco 1980\"}]},{\"@type\":\"WebSite\",\"@id\":\"https:\\\/\\\/monaco-f1-posters.com\\\/de\\\/#website\",\"url\":\"https:\\\/\\\/monaco-f1-posters.com\\\/de\\\/\",\"name\":\"Monaco F1 Posters\",\"description\":\"\",\"publisher\":{\"@id\":\"https:\\\/\\\/monaco-f1-posters.com\\\/de\\\/#organization\"},\"potentialAction\":[{\"@type\":\"SearchAction\",\"target\":{\"@type\":\"EntryPoint\",\"urlTemplate\":\"https:\\\/\\\/monaco-f1-posters.com\\\/de\\\/?s={search_term_string}\"},\"query-input\":{\"@type\":\"PropertyValueSpecification\",\"valueRequired\":true,\"valueName\":\"search_term_string\"}}],\"inLanguage\":\"de\"},{\"@type\":\"Organization\",\"@id\":\"https:\\\/\\\/monaco-f1-posters.com\\\/de\\\/#organization\",\"name\":\"Monaco F1 Posters\",\"url\":\"https:\\\/\\\/monaco-f1-posters.com\\\/de\\\/\",\"logo\":{\"@type\":\"ImageObject\",\"inLanguage\":\"de\",\"@id\":\"https:\\\/\\\/monaco-f1-posters.com\\\/de\\\/#\\\/schema\\\/logo\\\/image\\\/\",\"url\":\"https:\\\/\\\/monaco-f1-posters.com\\\/wp-content\\\/uploads\\\/2025\\\/01\\\/monaco_f1_posters_1.jpg\",\"contentUrl\":\"https:\\\/\\\/monaco-f1-posters.com\\\/wp-content\\\/uploads\\\/2025\\\/01\\\/monaco_f1_posters_1.jpg\",\"width\":800,\"height\":630,\"caption\":\"Monaco F1 Posters\"},\"image\":{\"@id\":\"https:\\\/\\\/monaco-f1-posters.com\\\/de\\\/#\\\/schema\\\/logo\\\/image\\\/\"},\"sameAs\":[\"https:\\\/\\\/www.facebook.com\\\/monacof1posters\",\"https:\\\/\\\/www.instagram.com\\\/monacof1posters\\\/\"]}]}<\/script>\n<!-- \/ Yoast SEO plugin. -->","yoast_head_json":{"title":"Plakat des Gro\u00dfen Preises von Monaco 1980 - Monaco F1 Posters","description":"Das offizielle Poster des 38. Gro\u00dfen Preises von Monaco 1980 f\u00e4ngt die perfekte Mischung aus Geschwindigkeit und Eleganz mit einem hervorstechenden roten Formel-1-Auto ein.","robots":{"index":"index","follow":"follow","max-snippet":"max-snippet:-1","max-image-preview":"max-image-preview:large","max-video-preview":"max-video-preview:-1"},"canonical":"https:\/\/monaco-f1-posters.com\/de\/produkt\/plakat-des-grossen-preises-von-monaco-1980\/","og_locale":"de_DE","og_type":"article","og_title":"Plakat des Gro\u00dfen Preises von Monaco 1980 - Monaco F1 Posters","og_description":"Das offizielle Poster des 38. Gro\u00dfen Preises von Monaco 1980 f\u00e4ngt die perfekte Mischung aus Geschwindigkeit und Eleganz mit einem hervorstechenden roten Formel-1-Auto ein.","og_url":"https:\/\/monaco-f1-posters.com\/de\/produkt\/plakat-des-grossen-preises-von-monaco-1980\/","og_site_name":"Monaco F1 Posters","article_publisher":"https:\/\/www.facebook.com\/monacof1posters","article_modified_time":"2025-04-09T13:54:31+00:00","og_image":[{"width":1000,"height":1415,"url":"https:\/\/monaco-f1-posters.com\/wp-content\/uploads\/2025\/01\/monaco-F1-Grand-Prix-poster-1980.jpg","type":"image\/jpeg"}],"twitter_card":"summary_large_image","twitter_misc":{"Gesch\u00e4tzte Lesezeit":"1\u00a0Minute"},"schema":{"@context":"https:\/\/schema.org","@graph":[{"@type":"WebPage","@id":"https:\/\/monaco-f1-posters.com\/de\/produkt\/plakat-des-grossen-preises-von-monaco-1980\/","url":"https:\/\/monaco-f1-posters.com\/de\/produkt\/plakat-des-grossen-preises-von-monaco-1980\/","name":"Plakat des Gro\u00dfen Preises von Monaco 1980 - Monaco F1 Posters","isPartOf":{"@id":"https:\/\/monaco-f1-posters.com\/de\/#website"},"primaryImageOfPage":{"@id":"https:\/\/monaco-f1-posters.com\/de\/produkt\/plakat-des-grossen-preises-von-monaco-1980\/#primaryimage"},"image":{"@id":"https:\/\/monaco-f1-posters.com\/de\/produkt\/plakat-des-grossen-preises-von-monaco-1980\/#primaryimage"},"thumbnailUrl":"https:\/\/monaco-f1-posters.com\/wp-content\/uploads\/2025\/01\/Mockup-1980-4-5.jpg","datePublished":"2025-01-07T14:32:59+00:00","dateModified":"2025-04-09T13:54:31+00:00","description":"Das offizielle Poster des 38. Gro\u00dfen Preises von Monaco 1980 f\u00e4ngt die perfekte Mischung aus Geschwindigkeit und Eleganz mit einem hervorstechenden roten Formel-1-Auto ein.","breadcrumb":{"@id":"https:\/\/monaco-f1-posters.com\/de\/produkt\/plakat-des-grossen-preises-von-monaco-1980\/#breadcrumb"},"inLanguage":"de","potentialAction":[{"@type":"ReadAction","target":["https:\/\/monaco-f1-posters.com\/de\/produkt\/plakat-des-grossen-preises-von-monaco-1980\/"]}]},{"@type":"ImageObject","inLanguage":"de","@id":"https:\/\/monaco-f1-posters.com\/de\/produkt\/plakat-des-grossen-preises-von-monaco-1980\/#primaryimage","url":"https:\/\/monaco-f1-posters.com\/wp-content\/uploads\/2025\/01\/Mockup-1980-4-5.jpg","contentUrl":"https:\/\/monaco-f1-posters.com\/wp-content\/uploads\/2025\/01\/Mockup-1980-4-5.jpg","width":819,"height":1024,"caption":"Monaco-F1-Grand-Prix-Poster-1980"},{"@type":"BreadcrumbList","@id":"https:\/\/monaco-f1-posters.com\/de\/produkt\/plakat-des-grossen-preises-von-monaco-1980\/#breadcrumb","itemListElement":[{"@type":"ListItem","position":1,"name":"Accueil","item":"https:\/\/monaco-f1-posters.com\/de\/"},{"@type":"ListItem","position":2,"name":"Originale und offizielle Plakatedes Gro\u00dfen Preises von Monaco","item":"https:\/\/monaco-f1-posters.com\/de\/onlineshop\/"},{"@type":"ListItem","position":3,"name":"Plakat des Gro\u00dfen Preises von Monaco 1980"}]},{"@type":"WebSite","@id":"https:\/\/monaco-f1-posters.com\/de\/#website","url":"https:\/\/monaco-f1-posters.com\/de\/","name":"Monaco F1 Posters","description":"","publisher":{"@id":"https:\/\/monaco-f1-posters.com\/de\/#organization"},"potentialAction":[{"@type":"SearchAction","target":{"@type":"EntryPoint","urlTemplate":"https:\/\/monaco-f1-posters.com\/de\/?s={search_term_string}"},"query-input":{"@type":"PropertyValueSpecification","valueRequired":true,"valueName":"search_term_string"}}],"inLanguage":"de"},{"@type":"Organization","@id":"https:\/\/monaco-f1-posters.com\/de\/#organization","name":"Monaco F1 Posters","url":"https:\/\/monaco-f1-posters.com\/de\/","logo":{"@type":"ImageObject","inLanguage":"de","@id":"https:\/\/monaco-f1-posters.com\/de\/#\/schema\/logo\/image\/","url":"https:\/\/monaco-f1-posters.com\/wp-content\/uploads\/2025\/01\/monaco_f1_posters_1.jpg","contentUrl":"https:\/\/monaco-f1-posters.com\/wp-content\/uploads\/2025\/01\/monaco_f1_posters_1.jpg","width":800,"height":630,"caption":"Monaco F1 Posters"},"image":{"@id":"https:\/\/monaco-f1-posters.com\/de\/#\/schema\/logo\/image\/"},"sameAs":["https:\/\/www.facebook.com\/monacof1posters","https:\/\/www.instagram.com\/monacof1posters\/"]}]}},"_links":{"self":[{"href":"https:\/\/monaco-f1-posters.com\/de\/wp-json\/wp\/v2\/product\/25804164","targetHints":{"allow":["GET"]}}],"collection":[{"href":"https:\/\/monaco-f1-posters.com\/de\/wp-json\/wp\/v2\/product"}],"about":[{"href":"https:\/\/monaco-f1-posters.com\/de\/wp-json\/wp\/v2\/types\/product"}],"wp:featuredmedia":[{"embeddable":true,"href":"https:\/\/monaco-f1-posters.com\/de\/wp-json\/wp\/v2\/media\/25804637"}],"wp:attachment":[{"href":"https:\/\/monaco-f1-posters.com\/de\/wp-json\/wp\/v2\/media?parent=25804164"}],"wp:term":[{"taxonomy":"product_brand","embeddable":true,"href":"https:\/\/monaco-f1-posters.com\/de\/wp-json\/wp\/v2\/product_brand?post=25804164"},{"taxonomy":"product_cat","embeddable":true,"href":"https:\/\/monaco-f1-posters.com\/de\/wp-json\/wp\/v2\/product_cat?post=25804164"},{"taxonomy":"product_tag","embeddable":true,"href":"https:\/\/monaco-f1-posters.com\/de\/wp-json\/wp\/v2\/product_tag?post=25804164"}],"curies":[{"name":"wp","href":"https:\/\/api.w.org\/{rel}","templated":true}]}}