{"id":25803908,"date":"2025-01-07T15:14:08","date_gmt":"2025-01-07T15:14:08","guid":{"rendered":"https:\/\/monaco-f1-posters.com\/product\/affiche-du-grand-prix-de-monaco-1995\/"},"modified":"2025-04-09T10:05:40","modified_gmt":"2025-04-09T10:05:40","slug":"plakat-des-grossen-preises-von-monaco-1995","status":"publish","type":"product","link":"https:\/\/monaco-f1-posters.com\/de\/produkt\/plakat-des-grossen-preises-von-monaco-1995\/","title":{"rendered":"Plakat des Gro\u00dfen Preises von Monaco 1995"},"content":{"rendered":"","protected":false},"excerpt":{"rendered":"<p class=\"p1\">Dieses Plakat des Gro\u00dfen Preises von Monaco 1995 f\u00e4ngt die ganze Energie und Lebendigkeit dieses legend\u00e4ren Rennens ein. Im Vordergrund durchquert der <b><span lang=\"EN-US\">Benetton<\/span><\/b> in Blau und Gr\u00fcn von <strong>Michael Schumacher<\/strong> mit beeindruckender Geschwindigkeit und Pr\u00e4zision den Stadtkurs, umgeben von den ikonischen Geb\u00e4uden Monacos und seiner spektakul\u00e4ren Kulisse. Der Kontrast der kr\u00e4ftigen Farben und die malerische Textur verleihen diesem Plakat einen ganz besonderen Reiz.<\/p>\n<p class=\"p1\">Ein Muss f\u00fcr Formel-1-Fans und Liebhaber eleganter Sportdesigns.<\/p>\n<p class=\"p1\">\ud83d\udc49 <b>Holen Sie sich mit diesem ikonischen St\u00fcck Dynamik und Prestige in Ihre Sammlung!<\/b><\/p>\n","protected":false},"featured_media":25804550,"template":"","meta":{"_acf_changed":false,"_et_pb_use_builder":"","_et_pb_old_content":"","_et_gb_content_width":""},"product_brand":[],"product_cat":[57],"product_tag":[],"class_list":{"0":"post-25803908","1":"product","2":"type-product","3":"status-publish","4":"has-post-thumbnail","6":"product_cat-original-poster","8":"first","9":"instock","10":"taxable","11":"shipping-taxable","12":"purchasable","13":"product-type-simple"},"acf":[],"yoast_head":"<!-- This site is optimized with the Yoast SEO plugin v27.5 - https:\/\/yoast.com\/product\/yoast-seo-wordpress\/ -->\n<title>Plakat des Gro\u00dfen Preises von Monaco 1995 - Monaco F1 Posters<\/title>\n<meta name=\"description\" content=\"Das originale und offizielle Plakat des Gro\u00dfen Preises von Monaco 1995 f\u00e4ngt die ganze Energie und Lebendigkeit dieses legend\u00e4ren Events ein.\" \/>\n<meta name=\"robots\" content=\"index, follow, max-snippet:-1, max-image-preview:large, max-video-preview:-1\" \/>\n<link rel=\"canonical\" href=\"https:\/\/monaco-f1-posters.com\/de\/produkt\/plakat-des-grossen-preises-von-monaco-1995\/\" \/>\n<meta property=\"og:locale\" content=\"de_DE\" \/>\n<meta property=\"og:type\" content=\"article\" \/>\n<meta property=\"og:title\" content=\"Plakat des Gro\u00dfen Preises von Monaco 1995 - Monaco F1 Posters\" \/>\n<meta property=\"og:description\" content=\"Das originale und offizielle Plakat des Gro\u00dfen Preises von Monaco 1995 f\u00e4ngt die ganze Energie und Lebendigkeit dieses legend\u00e4ren Events ein.\" \/>\n<meta property=\"og:url\" content=\"https:\/\/monaco-f1-posters.com\/de\/produkt\/plakat-des-grossen-preises-von-monaco-1995\/\" \/>\n<meta property=\"og:site_name\" content=\"Monaco F1 Posters\" \/>\n<meta property=\"article:publisher\" content=\"https:\/\/www.facebook.com\/monacof1posters\" \/>\n<meta property=\"article:modified_time\" content=\"2025-04-09T10:05:40+00:00\" \/>\n<meta property=\"og:image\" content=\"https:\/\/monaco-f1-posters.com\/wp-content\/uploads\/2025\/01\/monaco-F1-Grand-Prix-poster-1995.jpg\" \/>\n\t<meta property=\"og:image:width\" content=\"1000\" \/>\n\t<meta property=\"og:image:height\" content=\"1415\" \/>\n\t<meta property=\"og:image:type\" content=\"image\/jpeg\" \/>\n<meta name=\"twitter:card\" content=\"summary_large_image\" \/>\n<meta name=\"twitter:label1\" content=\"Gesch\u00e4tzte Lesezeit\" \/>\n\t<meta name=\"twitter:data1\" content=\"1\u00a0Minute\" \/>\n<script type=\"application\/ld+json\" class=\"yoast-schema-graph\">{\"@context\":\"https:\\\/\\\/schema.org\",\"@graph\":[{\"@type\":\"WebPage\",\"@id\":\"https:\\\/\\\/monaco-f1-posters.com\\\/de\\\/produkt\\\/plakat-des-grossen-preises-von-monaco-1995\\\/\",\"url\":\"https:\\\/\\\/monaco-f1-posters.com\\\/de\\\/produkt\\\/plakat-des-grossen-preises-von-monaco-1995\\\/\",\"name\":\"Plakat des Gro\u00dfen Preises von Monaco 1995 - Monaco F1 Posters\",\"isPartOf\":{\"@id\":\"https:\\\/\\\/monaco-f1-posters.com\\\/de\\\/#website\"},\"primaryImageOfPage\":{\"@id\":\"https:\\\/\\\/monaco-f1-posters.com\\\/de\\\/produkt\\\/plakat-des-grossen-preises-von-monaco-1995\\\/#primaryimage\"},\"image\":{\"@id\":\"https:\\\/\\\/monaco-f1-posters.com\\\/de\\\/produkt\\\/plakat-des-grossen-preises-von-monaco-1995\\\/#primaryimage\"},\"thumbnailUrl\":\"https:\\\/\\\/monaco-f1-posters.com\\\/wp-content\\\/uploads\\\/2025\\\/01\\\/Mockup-1995.jpg\",\"datePublished\":\"2025-01-07T15:14:08+00:00\",\"dateModified\":\"2025-04-09T10:05:40+00:00\",\"description\":\"Das originale und offizielle Plakat des Gro\u00dfen Preises von Monaco 1995 f\u00e4ngt die ganze Energie und Lebendigkeit dieses legend\u00e4ren Events ein.\",\"breadcrumb\":{\"@id\":\"https:\\\/\\\/monaco-f1-posters.com\\\/de\\\/produkt\\\/plakat-des-grossen-preises-von-monaco-1995\\\/#breadcrumb\"},\"inLanguage\":\"de\",\"potentialAction\":[{\"@type\":\"ReadAction\",\"target\":[\"https:\\\/\\\/monaco-f1-posters.com\\\/de\\\/produkt\\\/plakat-des-grossen-preises-von-monaco-1995\\\/\"]}]},{\"@type\":\"ImageObject\",\"inLanguage\":\"de\",\"@id\":\"https:\\\/\\\/monaco-f1-posters.com\\\/de\\\/produkt\\\/plakat-des-grossen-preises-von-monaco-1995\\\/#primaryimage\",\"url\":\"https:\\\/\\\/monaco-f1-posters.com\\\/wp-content\\\/uploads\\\/2025\\\/01\\\/Mockup-1995.jpg\",\"contentUrl\":\"https:\\\/\\\/monaco-f1-posters.com\\\/wp-content\\\/uploads\\\/2025\\\/01\\\/Mockup-1995.jpg\",\"width\":864,\"height\":1080,\"caption\":\"1995-monaco-f1-poster\"},{\"@type\":\"BreadcrumbList\",\"@id\":\"https:\\\/\\\/monaco-f1-posters.com\\\/de\\\/produkt\\\/plakat-des-grossen-preises-von-monaco-1995\\\/#breadcrumb\",\"itemListElement\":[{\"@type\":\"ListItem\",\"position\":1,\"name\":\"Accueil\",\"item\":\"https:\\\/\\\/monaco-f1-posters.com\\\/de\\\/\"},{\"@type\":\"ListItem\",\"position\":2,\"name\":\"Originale und offizielle Plakatedes Gro\u00dfen Preises von Monaco\",\"item\":\"https:\\\/\\\/monaco-f1-posters.com\\\/de\\\/onlineshop\\\/\"},{\"@type\":\"ListItem\",\"position\":3,\"name\":\"Plakat des Gro\u00dfen Preises von Monaco 1995\"}]},{\"@type\":\"WebSite\",\"@id\":\"https:\\\/\\\/monaco-f1-posters.com\\\/de\\\/#website\",\"url\":\"https:\\\/\\\/monaco-f1-posters.com\\\/de\\\/\",\"name\":\"Monaco F1 Posters\",\"description\":\"\",\"publisher\":{\"@id\":\"https:\\\/\\\/monaco-f1-posters.com\\\/de\\\/#organization\"},\"potentialAction\":[{\"@type\":\"SearchAction\",\"target\":{\"@type\":\"EntryPoint\",\"urlTemplate\":\"https:\\\/\\\/monaco-f1-posters.com\\\/de\\\/?s={search_term_string}\"},\"query-input\":{\"@type\":\"PropertyValueSpecification\",\"valueRequired\":true,\"valueName\":\"search_term_string\"}}],\"inLanguage\":\"de\"},{\"@type\":\"Organization\",\"@id\":\"https:\\\/\\\/monaco-f1-posters.com\\\/de\\\/#organization\",\"name\":\"Monaco F1 Posters\",\"url\":\"https:\\\/\\\/monaco-f1-posters.com\\\/de\\\/\",\"logo\":{\"@type\":\"ImageObject\",\"inLanguage\":\"de\",\"@id\":\"https:\\\/\\\/monaco-f1-posters.com\\\/de\\\/#\\\/schema\\\/logo\\\/image\\\/\",\"url\":\"https:\\\/\\\/monaco-f1-posters.com\\\/wp-content\\\/uploads\\\/2025\\\/01\\\/monaco_f1_posters_1.jpg\",\"contentUrl\":\"https:\\\/\\\/monaco-f1-posters.com\\\/wp-content\\\/uploads\\\/2025\\\/01\\\/monaco_f1_posters_1.jpg\",\"width\":800,\"height\":630,\"caption\":\"Monaco F1 Posters\"},\"image\":{\"@id\":\"https:\\\/\\\/monaco-f1-posters.com\\\/de\\\/#\\\/schema\\\/logo\\\/image\\\/\"},\"sameAs\":[\"https:\\\/\\\/www.facebook.com\\\/monacof1posters\",\"https:\\\/\\\/www.instagram.com\\\/monacof1posters\\\/\"]}]}<\/script>\n<!-- \/ Yoast SEO plugin. -->","yoast_head_json":{"title":"Plakat des Gro\u00dfen Preises von Monaco 1995 - Monaco F1 Posters","description":"Das originale und offizielle Plakat des Gro\u00dfen Preises von Monaco 1995 f\u00e4ngt die ganze Energie und Lebendigkeit dieses legend\u00e4ren Events ein.","robots":{"index":"index","follow":"follow","max-snippet":"max-snippet:-1","max-image-preview":"max-image-preview:large","max-video-preview":"max-video-preview:-1"},"canonical":"https:\/\/monaco-f1-posters.com\/de\/produkt\/plakat-des-grossen-preises-von-monaco-1995\/","og_locale":"de_DE","og_type":"article","og_title":"Plakat des Gro\u00dfen Preises von Monaco 1995 - Monaco F1 Posters","og_description":"Das originale und offizielle Plakat des Gro\u00dfen Preises von Monaco 1995 f\u00e4ngt die ganze Energie und Lebendigkeit dieses legend\u00e4ren Events ein.","og_url":"https:\/\/monaco-f1-posters.com\/de\/produkt\/plakat-des-grossen-preises-von-monaco-1995\/","og_site_name":"Monaco F1 Posters","article_publisher":"https:\/\/www.facebook.com\/monacof1posters","article_modified_time":"2025-04-09T10:05:40+00:00","og_image":[{"width":1000,"height":1415,"url":"https:\/\/monaco-f1-posters.com\/wp-content\/uploads\/2025\/01\/monaco-F1-Grand-Prix-poster-1995.jpg","type":"image\/jpeg"}],"twitter_card":"summary_large_image","twitter_misc":{"Gesch\u00e4tzte Lesezeit":"1\u00a0Minute"},"schema":{"@context":"https:\/\/schema.org","@graph":[{"@type":"WebPage","@id":"https:\/\/monaco-f1-posters.com\/de\/produkt\/plakat-des-grossen-preises-von-monaco-1995\/","url":"https:\/\/monaco-f1-posters.com\/de\/produkt\/plakat-des-grossen-preises-von-monaco-1995\/","name":"Plakat des Gro\u00dfen Preises von Monaco 1995 - Monaco F1 Posters","isPartOf":{"@id":"https:\/\/monaco-f1-posters.com\/de\/#website"},"primaryImageOfPage":{"@id":"https:\/\/monaco-f1-posters.com\/de\/produkt\/plakat-des-grossen-preises-von-monaco-1995\/#primaryimage"},"image":{"@id":"https:\/\/monaco-f1-posters.com\/de\/produkt\/plakat-des-grossen-preises-von-monaco-1995\/#primaryimage"},"thumbnailUrl":"https:\/\/monaco-f1-posters.com\/wp-content\/uploads\/2025\/01\/Mockup-1995.jpg","datePublished":"2025-01-07T15:14:08+00:00","dateModified":"2025-04-09T10:05:40+00:00","description":"Das originale und offizielle Plakat des Gro\u00dfen Preises von Monaco 1995 f\u00e4ngt die ganze Energie und Lebendigkeit dieses legend\u00e4ren Events ein.","breadcrumb":{"@id":"https:\/\/monaco-f1-posters.com\/de\/produkt\/plakat-des-grossen-preises-von-monaco-1995\/#breadcrumb"},"inLanguage":"de","potentialAction":[{"@type":"ReadAction","target":["https:\/\/monaco-f1-posters.com\/de\/produkt\/plakat-des-grossen-preises-von-monaco-1995\/"]}]},{"@type":"ImageObject","inLanguage":"de","@id":"https:\/\/monaco-f1-posters.com\/de\/produkt\/plakat-des-grossen-preises-von-monaco-1995\/#primaryimage","url":"https:\/\/monaco-f1-posters.com\/wp-content\/uploads\/2025\/01\/Mockup-1995.jpg","contentUrl":"https:\/\/monaco-f1-posters.com\/wp-content\/uploads\/2025\/01\/Mockup-1995.jpg","width":864,"height":1080,"caption":"1995-monaco-f1-poster"},{"@type":"BreadcrumbList","@id":"https:\/\/monaco-f1-posters.com\/de\/produkt\/plakat-des-grossen-preises-von-monaco-1995\/#breadcrumb","itemListElement":[{"@type":"ListItem","position":1,"name":"Accueil","item":"https:\/\/monaco-f1-posters.com\/de\/"},{"@type":"ListItem","position":2,"name":"Originale und offizielle Plakatedes Gro\u00dfen Preises von Monaco","item":"https:\/\/monaco-f1-posters.com\/de\/onlineshop\/"},{"@type":"ListItem","position":3,"name":"Plakat des Gro\u00dfen Preises von Monaco 1995"}]},{"@type":"WebSite","@id":"https:\/\/monaco-f1-posters.com\/de\/#website","url":"https:\/\/monaco-f1-posters.com\/de\/","name":"Monaco F1 Posters","description":"","publisher":{"@id":"https:\/\/monaco-f1-posters.com\/de\/#organization"},"potentialAction":[{"@type":"SearchAction","target":{"@type":"EntryPoint","urlTemplate":"https:\/\/monaco-f1-posters.com\/de\/?s={search_term_string}"},"query-input":{"@type":"PropertyValueSpecification","valueRequired":true,"valueName":"search_term_string"}}],"inLanguage":"de"},{"@type":"Organization","@id":"https:\/\/monaco-f1-posters.com\/de\/#organization","name":"Monaco F1 Posters","url":"https:\/\/monaco-f1-posters.com\/de\/","logo":{"@type":"ImageObject","inLanguage":"de","@id":"https:\/\/monaco-f1-posters.com\/de\/#\/schema\/logo\/image\/","url":"https:\/\/monaco-f1-posters.com\/wp-content\/uploads\/2025\/01\/monaco_f1_posters_1.jpg","contentUrl":"https:\/\/monaco-f1-posters.com\/wp-content\/uploads\/2025\/01\/monaco_f1_posters_1.jpg","width":800,"height":630,"caption":"Monaco F1 Posters"},"image":{"@id":"https:\/\/monaco-f1-posters.com\/de\/#\/schema\/logo\/image\/"},"sameAs":["https:\/\/www.facebook.com\/monacof1posters","https:\/\/www.instagram.com\/monacof1posters\/"]}]}},"_links":{"self":[{"href":"https:\/\/monaco-f1-posters.com\/de\/wp-json\/wp\/v2\/product\/25803908","targetHints":{"allow":["GET"]}}],"collection":[{"href":"https:\/\/monaco-f1-posters.com\/de\/wp-json\/wp\/v2\/product"}],"about":[{"href":"https:\/\/monaco-f1-posters.com\/de\/wp-json\/wp\/v2\/types\/product"}],"wp:featuredmedia":[{"embeddable":true,"href":"https:\/\/monaco-f1-posters.com\/de\/wp-json\/wp\/v2\/media\/25804550"}],"wp:attachment":[{"href":"https:\/\/monaco-f1-posters.com\/de\/wp-json\/wp\/v2\/media?parent=25803908"}],"wp:term":[{"taxonomy":"product_brand","embeddable":true,"href":"https:\/\/monaco-f1-posters.com\/de\/wp-json\/wp\/v2\/product_brand?post=25803908"},{"taxonomy":"product_cat","embeddable":true,"href":"https:\/\/monaco-f1-posters.com\/de\/wp-json\/wp\/v2\/product_cat?post=25803908"},{"taxonomy":"product_tag","embeddable":true,"href":"https:\/\/monaco-f1-posters.com\/de\/wp-json\/wp\/v2\/product_tag?post=25803908"}],"curies":[{"name":"wp","href":"https:\/\/api.w.org\/{rel}","templated":true}]}}