{"id":25804426,"date":"2025-01-20T12:23:49","date_gmt":"2025-01-20T12:23:49","guid":{"rendered":"https:\/\/monaco-f1-posters.com\/politique-de-confidentialite\/"},"modified":"2025-04-10T10:20:35","modified_gmt":"2025-04-10T10:20:35","slug":"datenschutzerklaerung","status":"publish","type":"page","link":"https:\/\/monaco-f1-posters.com\/de\/datenschutzerklaerung\/","title":{"rendered":"Datenschutzerkl\u00e4rung"},"content":{"rendered":"<p>[et_pb_section fb_built=&#8220;1&#8243; custom_padding_last_edited=&#8220;on|tablet&#8220; _builder_version=&#8220;4.27.4&#8243; _module_preset=&#8220;default&#8220; background_color=&#8220;RGBA(255,255,255,0)&#8220; custom_padding=&#8220;100px||80px||false|false&#8220; custom_padding_tablet=&#8220;50px||0px||false|false&#8220; custom_padding_phone=&#8220;50px||0px||false|false&#8220; global_colors_info=&#8220;{}&#8220;][et_pb_row _builder_version=&#8220;4.27.4&#8243; _module_preset=&#8220;default&#8220; global_colors_info=&#8220;{}&#8220;][et_pb_column type=&#8220;4_4&#8243; _builder_version=&#8220;4.27.4&#8243; _module_preset=&#8220;default&#8220; global_colors_info=&#8220;{}&#8220;][et_pb_text _builder_version=&#8220;4.27.4&#8243; _module_preset=&#8220;default&#8220; header_font=&#8220;|700|||||||&#8220; header_text_align=&#8220;center&#8220; header_font_size=&#8220;60px&#8220; header_line_height=&#8220;1.2em&#8220; hover_enabled=&#8220;0&#8243; global_colors_info=&#8220;{}&#8220; sticky_enabled=&#8220;0&#8243;]<\/p>\n<h1>Datenschutzerkl\u00e4rung<\/h1>\n<p>[\/et_pb_text][\/et_pb_column][\/et_pb_row][\/et_pb_section][et_pb_section fb_built=&#8220;1&#8243; custom_padding_last_edited=&#8220;on|tablet&#8220; _builder_version=&#8220;4.27.4&#8243; _module_preset=&#8220;default&#8220; background_color=&#8220;RGBA(255,255,255,0)&#8220; custom_padding=&#8220;100px||80px||false|false&#8220; custom_padding_tablet=&#8220;50px||0px||false|false&#8220; custom_padding_phone=&#8220;50px||0px||false|false&#8220; global_colors_info=&#8220;{}&#8220;][et_pb_row _builder_version=&#8220;4.27.4&#8243; _module_preset=&#8220;default&#8220; custom_padding=&#8220;16px|||||&#8220; global_colors_info=&#8220;{}&#8220;][et_pb_column type=&#8220;4_4&#8243; _builder_version=&#8220;4.27.4&#8243; _module_preset=&#8220;default&#8220; global_colors_info=&#8220;{}&#8220;][et_pb_text _builder_version=&#8220;4.27.4&#8243; _module_preset=&#8220;default&#8220; hover_enabled=&#8220;0&#8243; global_colors_info=&#8220;{}&#8220; sticky_enabled=&#8220;0&#8243;]<\/p>\n<h2>Einf\u00fchrung<\/h2>\n<p>Angesichts der Entwicklung neuer Kommunikationsmittel ist es notwendig, besonders auf den Schutz der Privatsph\u00e4re zu achten. Aus diesem Grund verpflichten wir uns, die Vertraulichkeit der pers\u00f6nlichen Informationen, die wir sammeln, zu wahren.<\/p>\n<h3>Sammlung personenbezogener Daten<\/h3>\n<p>Die personenbezogenen Daten, die wir sammeln, werden durch Formulare und durch die Interaktivit\u00e4t zwischen Ihnen und unserer Website gesammelt. Wir verwenden auch, wie im folgenden Abschnitt angegeben, Cookies und\/oder Logdateien, um Informationen \u00fcber Sie zu sammeln.<\/p>\n<p>Wir nehmen teil und sind konform mit den Spezifikationen und Richtlinien des Transparency &amp; Consent Framework von IAB Europe. Wir verwenden die Consent Management Platform Nr. 92.<\/p>\n<p>Sie k\u00f6nnen Ihre Auswahl jederzeit \u00e4ndern, indem Sie <a href=\"#\">hier klicken<\/a>.<\/p>\n<h3>Formulare und Interaktivit\u00e4t<\/h3>\n<p>Ihre personenbezogenen Daten werden \u00fcber Formulare gesammelt, und zwar folgende:<\/p>\n<ul>\n<li>Vorname<\/li>\n<li>Nachname<\/li>\n<li>E-Mail-Adresse<\/li>\n<li>Telefonnummer<\/li>\n<li>Postadresse<\/li>\n<\/ul>\n<p>Wir verwenden die gesammelten Informationen f\u00fcr folgende Zwecke:<\/p>\n<ul>\n<li>Rechnungsstellung und Versand der auf https:\/\/www.monaco-f1-posters.com gekauften Produkte<\/li>\n<li>Gelegentliche Kontaktaufnahme per E-Mail in Form eines Newsletters, der einen Link zur Verwaltung Ihrer Informationen und einen Abmeldelink enth\u00e4lt: in jedem Fall maximal 6 Mal pro Jahr<\/li>\n<li>Statistiken<\/li>\n<\/ul>\n<p>Ihre Informationen werden auch durch die Interaktivit\u00e4t zwischen Ihnen und unserer Website gesammelt, und zwar auf folgende Weise:<\/p>\n<ul>\n<li>IP-Adresse<\/li>\n<li>Cookies<\/li>\n<\/ul>\n<p>Wir verwenden die gesammelten Informationen f\u00fcr folgende Zwecke:<\/p>\n<ul>\n<li>Anonyme Besucherstatisiken zur Verbesserung unserer Dienstleistungen<\/li>\n<\/ul>\n<h3>Widerspruchsrecht und R\u00fccktrittsrecht<\/h3>\n<p>Wir verpflichten uns, Ihnen ein Widerspruchs- und R\u00fccktrittsrecht in Bezug auf Ihre personenbezogenen Daten anzubieten.<\/p>\n<p>Das Widerspruchsrecht bedeutet, dass den Nutzern die M\u00f6glichkeit einger\u00e4umt wird, zu verweigern, dass ihre personenbezogenen Daten zu bestimmten Zwecken verwendet werden, die bei der Sammlung angegeben werden.<\/p>\n<p>Das R\u00fccktrittsrecht bedeutet, dass den Nutzern die M\u00f6glichkeit einger\u00e4umt wird, zu verlangen, dass ihre personenbezogenen Daten nicht mehr in einer Verteilerliste erscheinen, beispielsweise.<\/p>\n<p><strong>Um diese Rechte auszu\u00fcben, k\u00f6nnen Sie:<\/strong><\/p>\n<ul>\n<li>Adresse: AIP Digital \u2013 20, Boulevard Princesse Charlotte \u2013 98000 Monaco<\/li>\n<li>E-Mail: hello@monaco-f1-posters.com<\/li>\n<li>Telefon: +37797976120<\/li>\n<li>Webseite: <a href=\"https:\/\/www.monaco-f1-posters.com\/contact\">https:\/\/www.monaco-f1-posters.com\/contact<\/a><\/li>\n<\/ul>\n<p><strong>Zugang zum Recht<\/strong>Wir verpflichten uns, ein Zugriffs- und Berichtigungsrecht f\u00fcr betroffene Personen anzuerkennen, die ihre Informationen einsehen, \u00e4ndern oder l\u00f6schen m\u00f6chten.<\/p>\n<p><strong>Die Aus\u00fcbung dieses Rechts erfolgt:<\/strong><\/p>\n<ul>\n<li>Adresse: AIP Digital \u2013 20, Boulevard Princesse Charlotte \u2013 98000 Monaco<\/li>\n<li>E-Mail: hello@monaco-f1-posters.com<\/li>\n<li>Telefon: +37797976120<\/li>\n<li>Webseite: <a href=\"https:\/\/www.monaco-f1-posters.com\/contact\">https:\/\/www.monaco-f1-posters.com\/contact<\/a><\/li>\n<\/ul>\n<h2>Sicherheit<\/h2>\n<p>Die personenbezogenen Daten, die wir sammeln, werden in einer sicheren Umgebung aufbewahrt. Die Personen, die f\u00fcr uns arbeiten, sind verpflichtet, die Vertraulichkeit Ihrer Informationen zu wahren.<\/p>\n<p>Um die Sicherheit Ihrer personenbezogenen Daten zu gew\u00e4hrleisten, wenden wir die folgenden Ma\u00dfnahmen an:<\/p>\n<ul>\n<li>SSL-Protokoll<\/li>\n<li>Netzwerk\u00fcberwachungssoftware<\/li>\n<li>IT-Backup<\/li>\n<li>Firewall<\/li>\n<\/ul>\n<p>Wir verpflichten uns, ein hohes Ma\u00df an Vertraulichkeit aufrechtzuerhalten, indem wir die neuesten technologischen Innovationen integrieren, um die Vertraulichkeit Ihrer Transaktionen zu gew\u00e4hrleisten. Dennoch gibt es, da kein Mechanismus eine maximale Sicherheit bieten kann, immer ein gewisses Risiko, wenn man das Internet verwendet, um pers\u00f6nliche Informationen zu \u00fcbermitteln.<\/p>\n<h3>Gesetzgebung<\/h3>\n<p>Wir verpflichten uns, die gesetzlichen Bestimmungen des Gesetzes Nr. 1.165 vom 23.12.1993 zu respektieren. <a href=\"https:\/\/www.legimonaco.mc\/305\/legismclois.nsf\/db3b0488a44ebcf9c12574c7002a8e84\/28a1a1d90812e249c125773f003beebb!OpenDocument\">https:\/\/www.legimonaco.mc\/305\/legismclois.nsf\/db3b0488a44ebcf9c12574c7002a8e84\/28a1a1d90812e249c125773f003beebb!OpenDocument<\/a><\/p>\n<p>[\/et_pb_text][\/et_pb_column][\/et_pb_row][\/et_pb_section]<\/p>\n","protected":false},"excerpt":{"rendered":"<p>Datenschutzerkl\u00e4rungEinf\u00fchrung Angesichts der Entwicklung neuer Kommunikationsmittel ist es notwendig, besonders auf den Schutz der Privatsph\u00e4re zu achten. Aus diesem Grund verpflichten wir uns, die Vertraulichkeit der pers\u00f6nlichen Informationen, die wir sammeln, zu wahren. Sammlung personenbezogener Daten Die personenbezogenen Daten, die wir sammeln, werden durch Formulare und durch die Interaktivit\u00e4t zwischen Ihnen und unserer Website gesammelt. [&hellip;]<\/p>\n","protected":false},"author":1,"featured_media":0,"parent":0,"menu_order":0,"comment_status":"closed","ping_status":"closed","template":"","meta":{"_acf_changed":false,"_et_pb_use_builder":"on","_et_pb_old_content":"","_et_gb_content_width":"","footnotes":""},"class_list":["post-25804426","page","type-page","status-publish","hentry"],"acf":[],"yoast_head":"<!-- This site is optimized with the Yoast SEO plugin v27.5 - https:\/\/yoast.com\/product\/yoast-seo-wordpress\/ -->\n<title>Datenschutzerkl\u00e4rung - Monaco F1 Posters<\/title>\n<meta name=\"robots\" content=\"noindex, nofollow\" \/>\n<meta property=\"og:locale\" content=\"de_DE\" \/>\n<meta property=\"og:type\" content=\"article\" \/>\n<meta property=\"og:title\" content=\"Datenschutzerkl\u00e4rung - Monaco F1 Posters\" \/>\n<meta property=\"og:description\" content=\"Datenschutzerkl\u00e4rungEinf\u00fchrung Angesichts der Entwicklung neuer Kommunikationsmittel ist es notwendig, besonders auf den Schutz der Privatsph\u00e4re zu achten. Aus diesem Grund verpflichten wir uns, die Vertraulichkeit der pers\u00f6nlichen Informationen, die wir sammeln, zu wahren. Sammlung personenbezogener Daten Die personenbezogenen Daten, die wir sammeln, werden durch Formulare und durch die Interaktivit\u00e4t zwischen Ihnen und unserer Website gesammelt. [&hellip;]\" \/>\n<meta property=\"og:url\" content=\"https:\/\/monaco-f1-posters.com\/de\/datenschutzerklaerung\/\" \/>\n<meta property=\"og:site_name\" content=\"Monaco F1 Posters\" \/>\n<meta property=\"article:publisher\" content=\"https:\/\/www.facebook.com\/monacof1posters\" \/>\n<meta property=\"article:modified_time\" content=\"2025-04-10T10:20:35+00:00\" \/>\n<meta name=\"twitter:card\" content=\"summary_large_image\" \/>\n<meta name=\"twitter:label1\" content=\"Gesch\u00e4tzte Lesezeit\" \/>\n\t<meta name=\"twitter:data1\" content=\"3\u00a0Minuten\" \/>\n<script type=\"application\/ld+json\" class=\"yoast-schema-graph\">{\"@context\":\"https:\\\/\\\/schema.org\",\"@graph\":[{\"@type\":\"WebPage\",\"@id\":\"https:\\\/\\\/monaco-f1-posters.com\\\/de\\\/datenschutzerklaerung\\\/\",\"url\":\"https:\\\/\\\/monaco-f1-posters.com\\\/de\\\/datenschutzerklaerung\\\/\",\"name\":\"Datenschutzerkl\u00e4rung - Monaco F1 Posters\",\"isPartOf\":{\"@id\":\"https:\\\/\\\/monaco-f1-posters.com\\\/de\\\/#website\"},\"datePublished\":\"2025-01-20T12:23:49+00:00\",\"dateModified\":\"2025-04-10T10:20:35+00:00\",\"breadcrumb\":{\"@id\":\"https:\\\/\\\/monaco-f1-posters.com\\\/de\\\/datenschutzerklaerung\\\/#breadcrumb\"},\"inLanguage\":\"de\",\"potentialAction\":[{\"@type\":\"ReadAction\",\"target\":[\"https:\\\/\\\/monaco-f1-posters.com\\\/de\\\/datenschutzerklaerung\\\/\"]}]},{\"@type\":\"BreadcrumbList\",\"@id\":\"https:\\\/\\\/monaco-f1-posters.com\\\/de\\\/datenschutzerklaerung\\\/#breadcrumb\",\"itemListElement\":[{\"@type\":\"ListItem\",\"position\":1,\"name\":\"Accueil\",\"item\":\"https:\\\/\\\/monaco-f1-posters.com\\\/de\\\/\"},{\"@type\":\"ListItem\",\"position\":2,\"name\":\"Datenschutzerkl\u00e4rung\"}]},{\"@type\":\"WebSite\",\"@id\":\"https:\\\/\\\/monaco-f1-posters.com\\\/de\\\/#website\",\"url\":\"https:\\\/\\\/monaco-f1-posters.com\\\/de\\\/\",\"name\":\"Monaco F1 Posters\",\"description\":\"\",\"publisher\":{\"@id\":\"https:\\\/\\\/monaco-f1-posters.com\\\/de\\\/#organization\"},\"potentialAction\":[{\"@type\":\"SearchAction\",\"target\":{\"@type\":\"EntryPoint\",\"urlTemplate\":\"https:\\\/\\\/monaco-f1-posters.com\\\/de\\\/?s={search_term_string}\"},\"query-input\":{\"@type\":\"PropertyValueSpecification\",\"valueRequired\":true,\"valueName\":\"search_term_string\"}}],\"inLanguage\":\"de\"},{\"@type\":\"Organization\",\"@id\":\"https:\\\/\\\/monaco-f1-posters.com\\\/de\\\/#organization\",\"name\":\"Monaco F1 Posters\",\"url\":\"https:\\\/\\\/monaco-f1-posters.com\\\/de\\\/\",\"logo\":{\"@type\":\"ImageObject\",\"inLanguage\":\"de\",\"@id\":\"https:\\\/\\\/monaco-f1-posters.com\\\/de\\\/#\\\/schema\\\/logo\\\/image\\\/\",\"url\":\"https:\\\/\\\/monaco-f1-posters.com\\\/wp-content\\\/uploads\\\/2025\\\/01\\\/monaco_f1_posters_1.jpg\",\"contentUrl\":\"https:\\\/\\\/monaco-f1-posters.com\\\/wp-content\\\/uploads\\\/2025\\\/01\\\/monaco_f1_posters_1.jpg\",\"width\":800,\"height\":630,\"caption\":\"Monaco F1 Posters\"},\"image\":{\"@id\":\"https:\\\/\\\/monaco-f1-posters.com\\\/de\\\/#\\\/schema\\\/logo\\\/image\\\/\"},\"sameAs\":[\"https:\\\/\\\/www.facebook.com\\\/monacof1posters\",\"https:\\\/\\\/www.instagram.com\\\/monacof1posters\\\/\"]}]}<\/script>\n<!-- \/ Yoast SEO plugin. -->","yoast_head_json":{"title":"Datenschutzerkl\u00e4rung - Monaco F1 Posters","robots":{"index":"noindex","follow":"nofollow"},"og_locale":"de_DE","og_type":"article","og_title":"Datenschutzerkl\u00e4rung - Monaco F1 Posters","og_description":"Datenschutzerkl\u00e4rungEinf\u00fchrung Angesichts der Entwicklung neuer Kommunikationsmittel ist es notwendig, besonders auf den Schutz der Privatsph\u00e4re zu achten. Aus diesem Grund verpflichten wir uns, die Vertraulichkeit der pers\u00f6nlichen Informationen, die wir sammeln, zu wahren. Sammlung personenbezogener Daten Die personenbezogenen Daten, die wir sammeln, werden durch Formulare und durch die Interaktivit\u00e4t zwischen Ihnen und unserer Website gesammelt. [&hellip;]","og_url":"https:\/\/monaco-f1-posters.com\/de\/datenschutzerklaerung\/","og_site_name":"Monaco F1 Posters","article_publisher":"https:\/\/www.facebook.com\/monacof1posters","article_modified_time":"2025-04-10T10:20:35+00:00","twitter_card":"summary_large_image","twitter_misc":{"Gesch\u00e4tzte Lesezeit":"3\u00a0Minuten"},"schema":{"@context":"https:\/\/schema.org","@graph":[{"@type":"WebPage","@id":"https:\/\/monaco-f1-posters.com\/de\/datenschutzerklaerung\/","url":"https:\/\/monaco-f1-posters.com\/de\/datenschutzerklaerung\/","name":"Datenschutzerkl\u00e4rung - Monaco F1 Posters","isPartOf":{"@id":"https:\/\/monaco-f1-posters.com\/de\/#website"},"datePublished":"2025-01-20T12:23:49+00:00","dateModified":"2025-04-10T10:20:35+00:00","breadcrumb":{"@id":"https:\/\/monaco-f1-posters.com\/de\/datenschutzerklaerung\/#breadcrumb"},"inLanguage":"de","potentialAction":[{"@type":"ReadAction","target":["https:\/\/monaco-f1-posters.com\/de\/datenschutzerklaerung\/"]}]},{"@type":"BreadcrumbList","@id":"https:\/\/monaco-f1-posters.com\/de\/datenschutzerklaerung\/#breadcrumb","itemListElement":[{"@type":"ListItem","position":1,"name":"Accueil","item":"https:\/\/monaco-f1-posters.com\/de\/"},{"@type":"ListItem","position":2,"name":"Datenschutzerkl\u00e4rung"}]},{"@type":"WebSite","@id":"https:\/\/monaco-f1-posters.com\/de\/#website","url":"https:\/\/monaco-f1-posters.com\/de\/","name":"Monaco F1 Posters","description":"","publisher":{"@id":"https:\/\/monaco-f1-posters.com\/de\/#organization"},"potentialAction":[{"@type":"SearchAction","target":{"@type":"EntryPoint","urlTemplate":"https:\/\/monaco-f1-posters.com\/de\/?s={search_term_string}"},"query-input":{"@type":"PropertyValueSpecification","valueRequired":true,"valueName":"search_term_string"}}],"inLanguage":"de"},{"@type":"Organization","@id":"https:\/\/monaco-f1-posters.com\/de\/#organization","name":"Monaco F1 Posters","url":"https:\/\/monaco-f1-posters.com\/de\/","logo":{"@type":"ImageObject","inLanguage":"de","@id":"https:\/\/monaco-f1-posters.com\/de\/#\/schema\/logo\/image\/","url":"https:\/\/monaco-f1-posters.com\/wp-content\/uploads\/2025\/01\/monaco_f1_posters_1.jpg","contentUrl":"https:\/\/monaco-f1-posters.com\/wp-content\/uploads\/2025\/01\/monaco_f1_posters_1.jpg","width":800,"height":630,"caption":"Monaco F1 Posters"},"image":{"@id":"https:\/\/monaco-f1-posters.com\/de\/#\/schema\/logo\/image\/"},"sameAs":["https:\/\/www.facebook.com\/monacof1posters","https:\/\/www.instagram.com\/monacof1posters\/"]}]}},"_links":{"self":[{"href":"https:\/\/monaco-f1-posters.com\/de\/wp-json\/wp\/v2\/pages\/25804426","targetHints":{"allow":["GET"]}}],"collection":[{"href":"https:\/\/monaco-f1-posters.com\/de\/wp-json\/wp\/v2\/pages"}],"about":[{"href":"https:\/\/monaco-f1-posters.com\/de\/wp-json\/wp\/v2\/types\/page"}],"author":[{"embeddable":true,"href":"https:\/\/monaco-f1-posters.com\/de\/wp-json\/wp\/v2\/users\/1"}],"replies":[{"embeddable":true,"href":"https:\/\/monaco-f1-posters.com\/de\/wp-json\/wp\/v2\/comments?post=25804426"}],"version-history":[{"count":2,"href":"https:\/\/monaco-f1-posters.com\/de\/wp-json\/wp\/v2\/pages\/25804426\/revisions"}],"predecessor-version":[{"id":25804429,"href":"https:\/\/monaco-f1-posters.com\/de\/wp-json\/wp\/v2\/pages\/25804426\/revisions\/25804429"}],"wp:attachment":[{"href":"https:\/\/monaco-f1-posters.com\/de\/wp-json\/wp\/v2\/media?parent=25804426"}],"curies":[{"name":"wp","href":"https:\/\/api.w.org\/{rel}","templated":true}]}}