{"id":25804415,"date":"2025-01-20T11:37:57","date_gmt":"2025-01-20T11:37:57","guid":{"rendered":"https:\/\/monaco-f1-posters.com\/mentions-legales\/"},"modified":"2025-04-10T10:00:54","modified_gmt":"2025-04-10T10:00:54","slug":"impressum","status":"publish","type":"page","link":"https:\/\/monaco-f1-posters.com\/de\/impressum\/","title":{"rendered":"Impressum"},"content":{"rendered":"<p>[et_pb_section fb_built=&#8220;1&#8243; custom_padding_last_edited=&#8220;on|tablet&#8220; _builder_version=&#8220;4.27.4&#8243; _module_preset=&#8220;default&#8220; background_color=&#8220;RGBA(255,255,255,0)&#8220; custom_padding=&#8220;100px||80px||false|false&#8220; custom_padding_tablet=&#8220;50px||0px||false|false&#8220; custom_padding_phone=&#8220;50px||0px||false|false&#8220; global_colors_info=&#8220;{}&#8220;][et_pb_row _builder_version=&#8220;4.27.4&#8243; _module_preset=&#8220;default&#8220; global_colors_info=&#8220;{}&#8220;][et_pb_column type=&#8220;4_4&#8243; _builder_version=&#8220;4.27.4&#8243; _module_preset=&#8220;default&#8220; global_colors_info=&#8220;{}&#8220;][et_pb_text _builder_version=&#8220;4.27.4&#8243; _module_preset=&#8220;default&#8220; header_font=&#8220;|700|||||||&#8220; header_text_align=&#8220;center&#8220; header_font_size=&#8220;60px&#8220; header_line_height=&#8220;1.2em&#8220; hover_enabled=&#8220;0&#8243; global_colors_info=&#8220;{}&#8220; sticky_enabled=&#8220;0&#8243;]<\/p>\n<h1 class=\"p1\">Impressum<\/h1>\n<p>[\/et_pb_text][\/et_pb_column][\/et_pb_row][\/et_pb_section][et_pb_section fb_built=&#8220;1&#8243; custom_padding_last_edited=&#8220;on|tablet&#8220; _builder_version=&#8220;4.27.4&#8243; _module_preset=&#8220;default&#8220; background_color=&#8220;RGBA(255,255,255,0)&#8220; custom_padding=&#8220;100px||80px||false|false&#8220; custom_padding_tablet=&#8220;50px||0px||false|false&#8220; custom_padding_phone=&#8220;50px||0px||false|false&#8220; global_colors_info=&#8220;{}&#8220;][et_pb_row _builder_version=&#8220;4.27.4&#8243; _module_preset=&#8220;default&#8220; custom_padding=&#8220;16px|||||&#8220; global_colors_info=&#8220;{}&#8220;][et_pb_column type=&#8220;4_4&#8243; _builder_version=&#8220;4.27.4&#8243; _module_preset=&#8220;default&#8220; global_colors_info=&#8220;{}&#8220;][et_pb_text _builder_version=&#8220;4.27.4&#8243; _module_preset=&#8220;default&#8220; hover_enabled=&#8220;0&#8243; global_colors_info=&#8220;{}&#8220; sticky_enabled=&#8220;0&#8243;]<\/p>\n<h2>1. Vorstellung der Website<\/h2>\n<p>Gem\u00e4\u00df Artikel 6 des Gesetzes Nr. 2004-575 vom 21. Juni 2004 f\u00fcr Vertrauen in die digitale Wirtschaft wird den Nutzern der Website <a href=\"https:\/\/www.monaco-f1-posters.com\">https:\/\/www.monaco-f1-posters.com<\/a> die Identit\u00e4t der verschiedenen Beteiligten im Rahmen ihrer Erstellung und Nachverfolgung mitgeteilt:<\/p>\n<p><strong>Eigent\u00fcmer: AIP Digital<\/strong> \u2013 RCI Monaco Nr. 56S0433 \u2013 20, Boulevard Princesse Charlotte \u2013 98000 MONACO<br \/><strong>Ersteller<\/strong>: <a href=\"https:\/\/www.aip-digital.com\/\">AIP Digital<\/a><br \/><strong>Verantwortlicher f\u00fcr die Ver\u00f6ffentlichung<\/strong>: Nicolas FOURRIER \u2013 contact[@]aip-digital.com<br \/><strong>Webmaster<\/strong>: Nicolas FOURRIER \u2013 contact[@]aip-digital.com<br \/><strong>Hoster<\/strong>: 02Switch \u2013 63 Clermont-Ferrand<br \/>Fotoquelle: Sammlung AIP Monaco, stock.adobe.com<\/p>\n<h2>2. Allgemeine Nutzungsbedingungen der Website und der angebotenen Dienstleistungen<\/h2>\n<p>Die Nutzung der Website <a href=\"https:\/\/www.monaco-f1-posters.com\">https:\/\/www.monaco-f1-posters.com<\/a> setzt die vollst\u00e4ndige Akzeptanz der nachfolgend beschriebenen Allgemeinen Nutzungsbedingungen voraus. Diese Nutzungsbedingungen k\u00f6nnen jederzeit ge\u00e4ndert oder erg\u00e4nzt werden, daher wird den Nutzern empfohlen, sie regelm\u00e4\u00dfig zu \u00fcberpr\u00fcfen.<\/p>\n<p>Diese Website ist normalerweise jederzeit f\u00fcr die Nutzer zug\u00e4nglich. Eine Unterbrechung wegen technischer Wartungsarbeiten kann jedoch von <strong>AIP Digital<\/strong> beschlossen werden, die dann versuchen wird, die Nutzer im Voraus \u00fcber die Daten und Uhrzeiten der Eingriffe zu informieren.<\/p>\n<p>Die Website <a href=\"https:\/\/www.monaco-f1-posters.com\">https:\/\/www.monaco-f1-posters.com<\/a> wird regelm\u00e4\u00dfig vom Verantwortlichen f\u00fcr die Ver\u00f6ffentlichung aktualisiert. Ebenso k\u00f6nnen die rechtlichen Hinweise jederzeit ge\u00e4ndert werden: Sie sind jedoch f\u00fcr den Nutzer verbindlich, der eingeladen wird, sich regelm\u00e4\u00dfig zu informieren, um sie zur Kenntnis zu nehmen.<\/p>\n<h2>3. Beschreibung der angebotenen Dienstleistungen<\/h2>\n<p>Die Website https:\/\/www.monaco-f1-posters.com hat zum Ziel, Poster des Monaco F1 Grand Prix zu verkaufen, ohne dass dies eine Beschr\u00e4nkung darstellt.<\/p>\n<p><strong>AIP Digital<\/strong> bem\u00fcht sich, auf der Website <a href=\"https:\/\/www.monaco-f1-posters.com\">https:\/\/www.monaco-f1-posters.com<\/a> so genaue Informationen wie m\u00f6glich bereitzustellen. Allerdings kann keine Verantwortung f\u00fcr Auslassungen, Ungenauigkeiten und M\u00e4ngel bei der Aktualisierung \u00fcbernommen werden, die entweder auf das Unternehmen selbst oder auf Dritte zur\u00fcckzuf\u00fchren sind, die diese Informationen bereitstellen.<\/p>\n<p>Alle auf der Website <a href=\"https:\/\/www.monaco-f1-posters.com\">https:\/\/www.monaco-f1-posters.com<\/a> angegebenen Informationen sind unverbindlich und k\u00f6nnen sich \u00e4ndern. Dar\u00fcber hinaus sind die Angaben auf der Website nicht vollst\u00e4ndig. Sie unterliegen \u00c4nderungen, die nach ihrer Ver\u00f6ffentlichung vorgenommen wurden.<\/p>\n<h2>4. Vertragsbeschr\u00e4nkungen zu den technischen Daten<\/h2>\n<p>Die Website verwendet unter anderem die JavaScript-Technologie.<\/p>\n<p>Die Website kann nicht f\u00fcr Sch\u00e4den am Material des Nutzers verantwortlich gemacht werden, die durch den Zugriff auf die Website entstehen. Zudem verpflichtet sich der Nutzer, die Website mit aktueller Hardware, die keine Viren enth\u00e4lt, und einem aktuellen, aktualisierten Browser zu besuchen.<\/p>\n<h2>5. Geistiges Eigentum und Urheberrechtsverletzungen<\/h2>\n<p><strong>AIP Digital<\/strong> ist Inhaber der geistigen Eigentumsrechte oder besitzt Nutzungsrechte an allen Elementen, die auf der Website zug\u00e4nglich sind, einschlie\u00dflich Texten, Bildern, Grafiken, Logos, Symbolen, Sounds und Software.<\/p>\n<p>Jegliche Vervielf\u00e4ltigung, Darstellung, Modifikation, Ver\u00f6ffentlichung oder Anpassung von ganz oder teilweise der auf der Website enthaltenen Elemente, unabh\u00e4ngig von dem verwendeten Mittel oder Verfahren, <span style=\"text-decoration: underline;\"><strong>ist verboten<\/strong><\/span>, es sei denn, es liegt eine ausdr\u00fcckliche schriftliche Genehmigung von <strong>AIP Digital<\/strong> vor.<\/p>\n<p>Jede nicht autorisierte Nutzung der Website oder eines ihrer Elemente gilt als Urheberrechtsverletzung und wird gem\u00e4\u00df den Bestimmungen der Artikel L.335-2 und folgenden des franz\u00f6sischen Gesetzes \u00fcber geistiges Eigentum verfolgt.<\/p>\n<h2>6. Haftungsbeschr\u00e4nkungen<\/h2>\n<p><strong>AIP Digital<\/strong> haftet nicht f\u00fcr direkte und indirekte Sch\u00e4den am Material des Nutzers, die beim Zugriff auf die Website https:\/\/www.monaco-f1-posters.com entstehen, und die entweder auf die Verwendung von Hardware zur\u00fcckzuf\u00fchren sind, die nicht den im Punkt 4 angegebenen Spezifikationen entspricht, oder auf das Auftreten eines Fehlers oder einer Inkompatibilit\u00e4t.<\/p>\n<p><strong>AIP Digital<\/strong> kann ebenfalls nicht f\u00fcr indirekte Sch\u00e4den (wie zum Beispiel Verlust von M\u00e4rkten oder entgangene Chancen) verantwortlich gemacht werden, die aus der Nutzung der Website <a href=\"https:\/\/www.monaco-f1-posters.com\">https:\/\/www.monaco-f1-posters.com<\/a> resultieren.<\/p>\n<p>Interaktive Bereiche (z. B. die M\u00f6glichkeit, Fragen im Kontaktbereich zu stellen) stehen den Nutzern zur Verf\u00fcgung. <strong>AIP Digital<\/strong> beh\u00e4lt sich das Recht vor, ohne vorherige Abmahnung alle Inhalte in diesem Bereich zu l\u00f6schen, die gegen die in Frankreich geltenden Gesetze versto\u00dfen, insbesondere gegen Bestimmungen zum Schutz von Daten. Gegebenenfalls beh\u00e4lt sich <strong>AIP Digital<\/strong> auch das Recht vor, die zivil- und\/oder strafrechtliche Haftung des Nutzers in Anspruch zu nehmen, insbesondere bei rassistischen, beleidigenden, diffamierenden oder pornografischen Nachrichten, unabh\u00e4ngig vom verwendeten Medium (Text, Fotografie usw.).<\/p>\n<h2>7. Umgang mit pers\u00f6nlichen Daten<\/h2>\n<p>Die pers\u00f6nlichen Daten sind insbesondere durch das Gesetz Nr. 1.165 vom 23.12.1993 gesch\u00fctzt. <a href=\"https:\/\/www.legimonaco.mc\/305\/legismclois.nsf\/db3b0488a44ebcf9c12574c7002a8e84\/28a1a1d90812e249c125773f003beebb!OpenDocument\">https:\/\/www.legimonaco.mc\/305\/legismclois.nsf\/db3b0488a44ebcf9c12574c7002a8e84\/28a1a1d90812e249c125773f003beebb!OpenDocument<\/a><\/p>\n<p>Bitte konsultieren Sie unsere Datenschutzerkl\u00e4rung: <a href=\"https:\/\/www.monaco-f1-posters.com\/politique-de-confidentialite\/\">https:\/\/www.monaco-f1-posters.com\/politique-de-confidentialite\/<\/a><\/p>\n<h2>8. Hyperlinks und Cookies<\/h2>\n<p>Die Website <a href=\"https:\/\/www.monaco-f1-posters.com\">https:\/\/www.monaco-f1-posters.com<\/a> enth\u00e4lt eine Reihe von Hyperlinks zu anderen Websites. <strong>AIP Digital<\/strong> hat jedoch keine M\u00f6glichkeit, den Inhalt der besuchten Seiten zu \u00fcberpr\u00fcfen und \u00fcbernimmt daher keine Verantwortung daf\u00fcr.<\/p>\n<p>Die Navigation auf der Website <a href=\"https:\/\/www.monaco-f1-posters.com\">https:\/\/www.monaco-f1-posters.com<\/a> kann zur Installation von Cookies auf dem Computer des Nutzers f\u00fchren. Ein Cookie ist eine kleine Datei, die es nicht erm\u00f6glicht, den Nutzer zu identifizieren, aber Informationen \u00fcber die Navigation eines Computers auf einer Website speichert. Die so gewonnenen Daten dienen dazu, die sp\u00e4tere Navigation auf der Website zu erleichtern und erm\u00f6glichen auch verschiedene Messungen der Nutzungsh\u00e4ufigkeit.<\/p>\n<p>Die Ablehnung der Installation eines Cookies kann dazu f\u00fchren, dass bestimmte Dienstleistungen nicht zug\u00e4nglich sind.<\/p>\n<h2>9. Anwendbares Recht und Gerichtsstand<\/h2>\n<p>Alle Streitigkeiten im Zusammenhang mit der Nutzung der Website <a href=\"https:\/\/www.monaco-f1-posters.com\">https:\/\/www.monaco-f1-posters.com<\/a> unterliegen dem monegassischen Recht. Der ausschlie\u00dfliche Gerichtsstand f\u00fcr Streitigkeiten ist das zust\u00e4ndige Gericht in Monaco.<\/p>\n<h2>10. Die wichtigsten betroffenen Gesetze<\/h2>\n<p>Gesetz <a href=\"https:\/\/legimonaco.mc\/\">Nr. 1.165 vom 23.12.1993<\/a> zum Schutz personenbezogener Daten<\/p>\n<p>[\/et_pb_text][\/et_pb_column][\/et_pb_row][\/et_pb_section]<\/p>\n","protected":false},"excerpt":{"rendered":"<p>Impressum1. Vorstellung der Website Gem\u00e4\u00df Artikel 6 des Gesetzes Nr. 2004-575 vom 21. Juni 2004 f\u00fcr Vertrauen in die digitale Wirtschaft wird den Nutzern der Website https:\/\/www.monaco-f1-posters.com die Identit\u00e4t der verschiedenen Beteiligten im Rahmen ihrer Erstellung und Nachverfolgung mitgeteilt: Eigent\u00fcmer: AIP Digital \u2013 RCI Monaco Nr. 56S0433 \u2013 20, Boulevard Princesse Charlotte \u2013 98000 MONACOErsteller: [&hellip;]<\/p>\n","protected":false},"author":1,"featured_media":0,"parent":0,"menu_order":0,"comment_status":"closed","ping_status":"closed","template":"","meta":{"_acf_changed":false,"_et_pb_use_builder":"on","_et_pb_old_content":"","_et_gb_content_width":"","footnotes":""},"class_list":["post-25804415","page","type-page","status-publish","hentry"],"acf":[],"yoast_head":"<!-- This site is optimized with the Yoast SEO plugin v27.5 - https:\/\/yoast.com\/product\/yoast-seo-wordpress\/ -->\n<title>Impressum - Monaco F1 Posters<\/title>\n<meta name=\"robots\" content=\"noindex, nofollow\" \/>\n<meta property=\"og:locale\" content=\"de_DE\" \/>\n<meta property=\"og:type\" content=\"article\" \/>\n<meta property=\"og:title\" content=\"Impressum - Monaco F1 Posters\" \/>\n<meta property=\"og:description\" content=\"Impressum1. Vorstellung der Website Gem\u00e4\u00df Artikel 6 des Gesetzes Nr. 2004-575 vom 21. Juni 2004 f\u00fcr Vertrauen in die digitale Wirtschaft wird den Nutzern der Website https:\/\/www.monaco-f1-posters.com die Identit\u00e4t der verschiedenen Beteiligten im Rahmen ihrer Erstellung und Nachverfolgung mitgeteilt: Eigent\u00fcmer: AIP Digital \u2013 RCI Monaco Nr. 56S0433 \u2013 20, Boulevard Princesse Charlotte \u2013 98000 MONACOErsteller: [&hellip;]\" \/>\n<meta property=\"og:url\" content=\"https:\/\/monaco-f1-posters.com\/de\/impressum\/\" \/>\n<meta property=\"og:site_name\" content=\"Monaco F1 Posters\" \/>\n<meta property=\"article:publisher\" content=\"https:\/\/www.facebook.com\/monacof1posters\" \/>\n<meta property=\"article:modified_time\" content=\"2025-04-10T10:00:54+00:00\" \/>\n<meta name=\"twitter:card\" content=\"summary_large_image\" \/>\n<meta name=\"twitter:label1\" content=\"Gesch\u00e4tzte Lesezeit\" \/>\n\t<meta name=\"twitter:data1\" content=\"5\u00a0Minuten\" \/>\n<script type=\"application\/ld+json\" class=\"yoast-schema-graph\">{\"@context\":\"https:\\\/\\\/schema.org\",\"@graph\":[{\"@type\":\"WebPage\",\"@id\":\"https:\\\/\\\/monaco-f1-posters.com\\\/de\\\/impressum\\\/\",\"url\":\"https:\\\/\\\/monaco-f1-posters.com\\\/de\\\/impressum\\\/\",\"name\":\"Impressum - Monaco F1 Posters\",\"isPartOf\":{\"@id\":\"https:\\\/\\\/monaco-f1-posters.com\\\/de\\\/#website\"},\"datePublished\":\"2025-01-20T11:37:57+00:00\",\"dateModified\":\"2025-04-10T10:00:54+00:00\",\"breadcrumb\":{\"@id\":\"https:\\\/\\\/monaco-f1-posters.com\\\/de\\\/impressum\\\/#breadcrumb\"},\"inLanguage\":\"de\",\"potentialAction\":[{\"@type\":\"ReadAction\",\"target\":[\"https:\\\/\\\/monaco-f1-posters.com\\\/de\\\/impressum\\\/\"]}]},{\"@type\":\"BreadcrumbList\",\"@id\":\"https:\\\/\\\/monaco-f1-posters.com\\\/de\\\/impressum\\\/#breadcrumb\",\"itemListElement\":[{\"@type\":\"ListItem\",\"position\":1,\"name\":\"Accueil\",\"item\":\"https:\\\/\\\/monaco-f1-posters.com\\\/de\\\/\"},{\"@type\":\"ListItem\",\"position\":2,\"name\":\"Impressum\"}]},{\"@type\":\"WebSite\",\"@id\":\"https:\\\/\\\/monaco-f1-posters.com\\\/de\\\/#website\",\"url\":\"https:\\\/\\\/monaco-f1-posters.com\\\/de\\\/\",\"name\":\"Monaco F1 Posters\",\"description\":\"\",\"publisher\":{\"@id\":\"https:\\\/\\\/monaco-f1-posters.com\\\/de\\\/#organization\"},\"potentialAction\":[{\"@type\":\"SearchAction\",\"target\":{\"@type\":\"EntryPoint\",\"urlTemplate\":\"https:\\\/\\\/monaco-f1-posters.com\\\/de\\\/?s={search_term_string}\"},\"query-input\":{\"@type\":\"PropertyValueSpecification\",\"valueRequired\":true,\"valueName\":\"search_term_string\"}}],\"inLanguage\":\"de\"},{\"@type\":\"Organization\",\"@id\":\"https:\\\/\\\/monaco-f1-posters.com\\\/de\\\/#organization\",\"name\":\"Monaco F1 Posters\",\"url\":\"https:\\\/\\\/monaco-f1-posters.com\\\/de\\\/\",\"logo\":{\"@type\":\"ImageObject\",\"inLanguage\":\"de\",\"@id\":\"https:\\\/\\\/monaco-f1-posters.com\\\/de\\\/#\\\/schema\\\/logo\\\/image\\\/\",\"url\":\"https:\\\/\\\/monaco-f1-posters.com\\\/wp-content\\\/uploads\\\/2025\\\/01\\\/monaco_f1_posters_1.jpg\",\"contentUrl\":\"https:\\\/\\\/monaco-f1-posters.com\\\/wp-content\\\/uploads\\\/2025\\\/01\\\/monaco_f1_posters_1.jpg\",\"width\":800,\"height\":630,\"caption\":\"Monaco F1 Posters\"},\"image\":{\"@id\":\"https:\\\/\\\/monaco-f1-posters.com\\\/de\\\/#\\\/schema\\\/logo\\\/image\\\/\"},\"sameAs\":[\"https:\\\/\\\/www.facebook.com\\\/monacof1posters\",\"https:\\\/\\\/www.instagram.com\\\/monacof1posters\\\/\"]}]}<\/script>\n<!-- \/ Yoast SEO plugin. -->","yoast_head_json":{"title":"Impressum - Monaco F1 Posters","robots":{"index":"noindex","follow":"nofollow"},"og_locale":"de_DE","og_type":"article","og_title":"Impressum - Monaco F1 Posters","og_description":"Impressum1. Vorstellung der Website Gem\u00e4\u00df Artikel 6 des Gesetzes Nr. 2004-575 vom 21. Juni 2004 f\u00fcr Vertrauen in die digitale Wirtschaft wird den Nutzern der Website https:\/\/www.monaco-f1-posters.com die Identit\u00e4t der verschiedenen Beteiligten im Rahmen ihrer Erstellung und Nachverfolgung mitgeteilt: Eigent\u00fcmer: AIP Digital \u2013 RCI Monaco Nr. 56S0433 \u2013 20, Boulevard Princesse Charlotte \u2013 98000 MONACOErsteller: [&hellip;]","og_url":"https:\/\/monaco-f1-posters.com\/de\/impressum\/","og_site_name":"Monaco F1 Posters","article_publisher":"https:\/\/www.facebook.com\/monacof1posters","article_modified_time":"2025-04-10T10:00:54+00:00","twitter_card":"summary_large_image","twitter_misc":{"Gesch\u00e4tzte Lesezeit":"5\u00a0Minuten"},"schema":{"@context":"https:\/\/schema.org","@graph":[{"@type":"WebPage","@id":"https:\/\/monaco-f1-posters.com\/de\/impressum\/","url":"https:\/\/monaco-f1-posters.com\/de\/impressum\/","name":"Impressum - Monaco F1 Posters","isPartOf":{"@id":"https:\/\/monaco-f1-posters.com\/de\/#website"},"datePublished":"2025-01-20T11:37:57+00:00","dateModified":"2025-04-10T10:00:54+00:00","breadcrumb":{"@id":"https:\/\/monaco-f1-posters.com\/de\/impressum\/#breadcrumb"},"inLanguage":"de","potentialAction":[{"@type":"ReadAction","target":["https:\/\/monaco-f1-posters.com\/de\/impressum\/"]}]},{"@type":"BreadcrumbList","@id":"https:\/\/monaco-f1-posters.com\/de\/impressum\/#breadcrumb","itemListElement":[{"@type":"ListItem","position":1,"name":"Accueil","item":"https:\/\/monaco-f1-posters.com\/de\/"},{"@type":"ListItem","position":2,"name":"Impressum"}]},{"@type":"WebSite","@id":"https:\/\/monaco-f1-posters.com\/de\/#website","url":"https:\/\/monaco-f1-posters.com\/de\/","name":"Monaco F1 Posters","description":"","publisher":{"@id":"https:\/\/monaco-f1-posters.com\/de\/#organization"},"potentialAction":[{"@type":"SearchAction","target":{"@type":"EntryPoint","urlTemplate":"https:\/\/monaco-f1-posters.com\/de\/?s={search_term_string}"},"query-input":{"@type":"PropertyValueSpecification","valueRequired":true,"valueName":"search_term_string"}}],"inLanguage":"de"},{"@type":"Organization","@id":"https:\/\/monaco-f1-posters.com\/de\/#organization","name":"Monaco F1 Posters","url":"https:\/\/monaco-f1-posters.com\/de\/","logo":{"@type":"ImageObject","inLanguage":"de","@id":"https:\/\/monaco-f1-posters.com\/de\/#\/schema\/logo\/image\/","url":"https:\/\/monaco-f1-posters.com\/wp-content\/uploads\/2025\/01\/monaco_f1_posters_1.jpg","contentUrl":"https:\/\/monaco-f1-posters.com\/wp-content\/uploads\/2025\/01\/monaco_f1_posters_1.jpg","width":800,"height":630,"caption":"Monaco F1 Posters"},"image":{"@id":"https:\/\/monaco-f1-posters.com\/de\/#\/schema\/logo\/image\/"},"sameAs":["https:\/\/www.facebook.com\/monacof1posters","https:\/\/www.instagram.com\/monacof1posters\/"]}]}},"_links":{"self":[{"href":"https:\/\/monaco-f1-posters.com\/de\/wp-json\/wp\/v2\/pages\/25804415","targetHints":{"allow":["GET"]}}],"collection":[{"href":"https:\/\/monaco-f1-posters.com\/de\/wp-json\/wp\/v2\/pages"}],"about":[{"href":"https:\/\/monaco-f1-posters.com\/de\/wp-json\/wp\/v2\/types\/page"}],"author":[{"embeddable":true,"href":"https:\/\/monaco-f1-posters.com\/de\/wp-json\/wp\/v2\/users\/1"}],"replies":[{"embeddable":true,"href":"https:\/\/monaco-f1-posters.com\/de\/wp-json\/wp\/v2\/comments?post=25804415"}],"version-history":[{"count":2,"href":"https:\/\/monaco-f1-posters.com\/de\/wp-json\/wp\/v2\/pages\/25804415\/revisions"}],"predecessor-version":[{"id":25804418,"href":"https:\/\/monaco-f1-posters.com\/de\/wp-json\/wp\/v2\/pages\/25804415\/revisions\/25804418"}],"wp:attachment":[{"href":"https:\/\/monaco-f1-posters.com\/de\/wp-json\/wp\/v2\/media?parent=25804415"}],"curies":[{"name":"wp","href":"https:\/\/api.w.org\/{rel}","templated":true}]}}